{"id":5526,"date":"2018-10-04T11:58:37","date_gmt":"2018-10-04T10:58:37","guid":{"rendered":"https:\/\/apobible.net\/de\/?page_id=5526"},"modified":"2024-07-23T08:33:16","modified_gmt":"2024-07-23T07:33:16","slug":"home","status":"publish","type":"page","link":"https:\/\/apobible.net\/nl\/welkom\/","title":{"rendered":"Start"},"content":{"rendered":"<div class=\"wpb-content-wrapper\"><p>[vc_row el_class=&#8221;intro_01&#8243;][vc_column width=&#8221;1\/4&#8243;][vc_column_text]<img fetchpriority=\"high\" decoding=\"async\" class=\"alignnone size-medium wp-image-5914\" src=\"https:\/\/apobible.net\/wp-content\/uploads\/2022\/04\/apobible-p-253x300.jpg\" alt=\"\" width=\"253\" height=\"300\" srcset=\"https:\/\/apobible.net\/wp-content\/uploads\/2022\/04\/apobible-p-253x300.jpg 253w, https:\/\/apobible.net\/wp-content\/uploads\/2022\/04\/apobible-p-600x713.jpg 600w, https:\/\/apobible.net\/wp-content\/uploads\/2022\/04\/apobible-p.jpg 800w, https:\/\/apobible.net\/wp-content\/uploads\/2022\/04\/apobible-p-253x300@2x.jpg 506w\" sizes=\"(max-width: 253px) 100vw, 253px\" \/>[\/vc_column_text][\/vc_column][vc_column width=&#8221;3\/4&#8243;][vc_column_text el_class=&#8221;introduction&#8221;]De ApoBible website is gemaakt om Bijbelse profetie\u00ebn bekend te maken, in het bijzonder die van Openbaring. Het principe van de interpretatie bestaat erin de beschouwde tekst te verklaren aan de hand van andere Bijbelse teksten. Onder alle teksten die dezelfde woorden gebruiken of dezelfde idee\u00ebn overbrengen, is er altijd \u00e9\u00e9n of soms meerdere, die de voorkeur krijgen omdat zij in meerdere opzichten parallel lopen. Zij vertonen talrijke convergenties met de bestudeerde tekst.<\/p>\n<p>De favoriete onderwerpen die hier worden behandeld zijn: het boek Openbaring van Johannes, het boek van de profeet Dani\u00ebl en het thema van het hemels heiligdom. Deze studies maken gebruik van alle canonieke Bijbelteksten, met inbegrip van de Hebreeuwse canon van het Oude Testament. Voor het Nieuwe Testament worden de 27 boeken van de christelijke canon gebruikt, zoals die door de concilies aan het eind van de vierde eeuw werden gedefinieerd.<\/p>\n<p>Wij kunnen een persoonlijke studie van de Schriften niet genoeg aanbevelen. Alle commentaren, ook die op deze site, zijn geen vervanging voor persoonlijke toe-eigening van de daarin vervatte schatten. De inhoud van deze site is bedoeld als hulp voor aspirant-zoekers en heeft geen andere pretentie dan zijn oprechtheid als onderzoeker voor andere zoekers naar waarheid.[\/vc_column_text][\/vc_column][\/vc_row][vc_row type=&#8221;full_width_content&#8221; bg_image=&#8221;5749&#8243; bg_position=&#8221;center center&#8221; parallax_bg=&#8221;true&#8221; overlay=&#8221;true&#8221; overlay_color=&#8221;rgba(78,66,43,0.46)&#8221; bottom_padding=&#8221;0&#8243; class=&#8221;marg sec1 imheight&#8221;][vc_column][vc_custom_heading text=&#8221;&#8221; font_container=&#8221;tag:h1|font_size:98px|text_align:center|color:%23ffffff|line_height:20px&#8221; css_animation=&#8221;fadeInDown&#8221; css=&#8221;.vc_custom_1658936993196{padding-top: 100px !important;}&#8221;][\/vc_column][\/vc_row][vc_row parallax=&#8221;content-moving&#8221; parallax_image=&#8221;6141&#8243; class=&#8221;sec1 marg&#8221; el_class=&#8221;pardiv&#8221; css=&#8221;.vc_custom_1675679964874{padding-top: 80px !important;padding-bottom: 80px !important;}&#8221;][vc_column width=&#8221;1\/5&#8243;][\/vc_column][vc_column width=&#8221;1\/5&#8243;][\/vc_column][vc_column width=&#8221;1\/5&#8243;][vc_hoverbox image=&#8221;6314&#8243; primary_title=&#8221;Het boek Openbaring&#8221; hover_title=&#8221;Openbaring&#8221; shape=&#8221;square&#8221; css_animation=&#8221;fadeInDown&#8221;]De hier gepresenteerde studie heeft de vorm van 95 lezingen. Na een studie van de structuur van de tekst volgt een studie per vers, zonder een vers uit de weg te gaan.<\/p>\n<p><a href=\"https:\/\/apobible.net\/nl\/openbaring\/\">KLIK HIER<\/a>[\/vc_hoverbox][\/vc_column][vc_column width=&#8221;1\/5&#8243;][\/vc_column][vc_column width=&#8221;1\/5&#8243;][\/vc_column][\/vc_row][vc_row parallax=&#8221;content-moving&#8221; parallax_image=&#8221;6141&#8243; disable_element=&#8221;yes&#8221; class=&#8221;sec1 marg&#8221; el_class=&#8221;pardiv&#8221; css=&#8221;.vc_custom_1672309879928{padding-top: 80px !important;padding-bottom: 80px !important;}&#8221;][vc_column width=&#8221;1\/6&#8243;][\/vc_column][vc_column width=&#8221;1\/6&#8243;][vc_hoverbox image=&#8221;6078&#8243; primary_title=&#8221;Daniel&#8221; hover_title=&#8221;Daniel&#8221; shape=&#8221;square&#8221; css_animation=&#8221;fadeInDown&#8221;]58 lezingen om het hele boek Dani\u00ebl vers voor vers te behandelen, ontdek de schatten van dit opmerkelijke oudtestamentische boek.<\/p>\n<p><a href=\"https:\/\/apobible.net\/fr\/daniel\/\">Klik hier, alleen in het Frans<\/a>[\/vc_hoverbox][\/vc_column][vc_column width=&#8221;1\/6&#8243;][vc_hoverbox image=&#8221;5639&#8243; primary_title=&#8221;Apocalypse&#8221; hover_title=&#8221;Apocalypse&#8221; shape=&#8221;square&#8221; css_animation=&#8221;fadeInDown&#8221;]Click edit button to change this text. Lorem ipsum dolor sit amet, consectetur adipiscing elit. Ut elit tellus, luctus nec ullamcorper mattis,<\/p>\n<p><a href=\"#\">pulvinar dapibus leo.<\/a>[\/vc_hoverbox][\/vc_column][vc_column width=&#8221;1\/6&#8243;][vc_hoverbox image=&#8221;5694&#8243; primary_title=&#8221;Sanctuaire&#8221; hover_title=&#8221;Sanctuaire&#8221; shape=&#8221;square&#8221; css_animation=&#8221;fadeInDown&#8221;]Click edit button to change this text. Lorem ipsum dolor sit amet, consectetur adipiscing elit. Ut elit tellus, luctus nec ullamcorper mattis,<\/p>\n<p><a href=\"#\">pulvinar dapibus leo.<\/a>[\/vc_hoverbox][\/vc_column][vc_column width=&#8221;1\/6&#8243;][vc_hoverbox image=&#8221;5711&#8243; primary_title=&#8221;Boutique&#8221; hover_title=&#8221;Boutique&#8221; shape=&#8221;square&#8221; css_animation=&#8221;fadeInDown&#8221;]Click edit button to change this text. Lorem ipsum dolor sit amet, consectetur adipiscing elit. Ut elit tellus, luctus nec ullamcorper mattis,<\/p>\n<p><a href=\"#\">pulvinar dapibus leo.<\/a>[\/vc_hoverbox][\/vc_column][vc_column width=&#8221;1\/6&#8243;][\/vc_column][\/vc_row][vc_row el_class=&#8221;start-page-home&#8221;][vc_column][vc_widget_sidebar sidebar_id=&#8221;sidebar-7&#8243;][\/vc_column][\/vc_row]<\/p>\n<\/div>","protected":false},"excerpt":{"rendered":"<p>[vc_row el_class=&#8221;intro_01&#8243;][vc_column width=&#8221;1\/4&#8243;][vc_column_text][\/vc_column_text][\/vc_column][vc_column width=&#8221;3\/4&#8243;][vc_column_text el_class=&#8221;introduction&#8221;]De ApoBible website is gemaakt om Bijbelse profetie\u00ebn bekend te maken, in het bijzonder die van Openbaring. Het principe van de interpretatie bestaat erin de beschouwde tekst te verklaren aan de hand van andere Bijbelse teksten. Onder alle teksten die dezelfde woorden gebruiken of dezelfde idee\u00ebn overbrengen, is er altijd \u00e9\u00e9n [&hellip;]<\/p>\n","protected":false},"author":2,"featured_media":0,"parent":0,"menu_order":0,"comment_status":"closed","ping_status":"closed","template":"","meta":{"footnotes":""},"class_list":["post-5526","page","type-page","status-publish","hentry"],"yoast_head":"<!-- This site is optimized with the Yoast SEO plugin v27.5 - https:\/\/yoast.com\/product\/yoast-seo-wordpress\/ -->\n<title>Start - ApoBible<\/title>\n<meta name=\"robots\" content=\"index, follow, max-snippet:-1, max-image-preview:large, max-video-preview:-1\" \/>\n<link rel=\"canonical\" href=\"https:\/\/apobible.net\/nl\/start\/\" \/>\n<meta property=\"og:locale\" content=\"nl_NL\" \/>\n<meta property=\"og:type\" content=\"article\" \/>\n<meta property=\"og:title\" content=\"Start - ApoBible\" \/>\n<meta property=\"og:description\" content=\"[vc_row el_class=&#8221;intro_01&#8243;][vc_column width=&#8221;1\/4&#8243;][vc_column_text][\/vc_column_text][\/vc_column][vc_column width=&#8221;3\/4&#8243;][vc_column_text el_class=&#8221;introduction&#8221;]De ApoBible website is gemaakt om Bijbelse profetie\u00ebn bekend te maken, in het bijzonder die van Openbaring. Het principe van de interpretatie bestaat erin de beschouwde tekst te verklaren aan de hand van andere Bijbelse teksten. Onder alle teksten die dezelfde woorden gebruiken of dezelfde idee\u00ebn overbrengen, is er altijd \u00e9\u00e9n [&hellip;]\" \/>\n<meta property=\"og:url\" content=\"https:\/\/apobible.net\/nl\/start\/\" \/>\n<meta property=\"og:site_name\" content=\"ApoBible\" \/>\n<meta property=\"article:modified_time\" content=\"2024-07-23T07:33:16+00:00\" \/>\n<meta property=\"og:image\" content=\"https:\/\/apobible.net\/wp-content\/uploads\/2022\/04\/apobible-p-253x300.jpg\" \/>\n<meta name=\"twitter:card\" content=\"summary_large_image\" \/>\n<meta name=\"twitter:label1\" content=\"Geschatte leestijd\" \/>\n\t<meta name=\"twitter:data1\" content=\"3 minuten\" \/>\n<script type=\"application\/ld+json\" class=\"yoast-schema-graph\">{\"@context\":\"https:\\\/\\\/schema.org\",\"@graph\":[{\"@type\":\"WebPage\",\"@id\":\"https:\\\/\\\/apobible.net\\\/nl\\\/start\\\/\",\"url\":\"https:\\\/\\\/apobible.net\\\/nl\\\/start\\\/\",\"name\":\"Start - ApoBible\",\"isPartOf\":{\"@id\":\"https:\\\/\\\/apobible.net\\\/nl\\\/#website\"},\"primaryImageOfPage\":{\"@id\":\"https:\\\/\\\/apobible.net\\\/nl\\\/start\\\/#primaryimage\"},\"image\":{\"@id\":\"https:\\\/\\\/apobible.net\\\/de\\\/start\\\/#primaryimage\"},\"thumbnailUrl\":\"https:\\\/\\\/apobible.net\\\/wp-content\\\/uploads\\\/2022\\\/04\\\/apobible-p-253x300.jpg\",\"datePublished\":\"2018-10-04T10:58:37+00:00\",\"dateModified\":\"2024-07-23T07:33:16+00:00\",\"breadcrumb\":{\"@id\":\"https:\\\/\\\/apobible.net\\\/nl\\\/start\\\/#breadcrumb\"},\"inLanguage\":\"nl-NL\",\"potentialAction\":[{\"@type\":\"ReadAction\",\"target\":[[\"https:\\\/\\\/apobible.net\\\/nl\\\/start\\\/\"]]}]},{\"@type\":\"ImageObject\",\"inLanguage\":\"nl-NL\",\"@id\":\"https:\\\/\\\/apobible.net\\\/nl\\\/start\\\/#primaryimage\",\"url\":\"https:\\\/\\\/apobible.net\\\/wp-content\\\/uploads\\\/2022\\\/04\\\/apobible-p-253x300.jpg\",\"contentUrl\":\"https:\\\/\\\/apobible.net\\\/wp-content\\\/uploads\\\/2022\\\/04\\\/apobible-p-253x300.jpg\"},{\"@type\":\"BreadcrumbList\",\"@id\":\"https:\\\/\\\/apobible.net\\\/nl\\\/start\\\/#breadcrumb\",\"itemListElement\":[{\"@type\":\"ListItem\",\"position\":1,\"name\":\"Startseite\",\"item\":\"https:\\\/\\\/apobible.net\\\/nl\\\/\"},{\"@type\":\"ListItem\",\"position\":2,\"name\":\"Start\"}]},{\"@type\":\"WebSite\",\"@id\":\"https:\\\/\\\/apobible.net\\\/nl\\\/#website\",\"url\":\"https:\\\/\\\/apobible.net\\\/nl\\\/\",\"name\":\"ApoBible\",\"description\":\"Prophecy in the Bibel - Apocalypse &amp; Daniel\",\"potentialAction\":[{\"@type\":\"SearchAction\",\"target\":{\"@type\":\"EntryPoint\",\"urlTemplate\":\"https:\\\/\\\/apobible.net\\\/nl\\\/?s={search_term_string}\"},\"query-input\":{\"@type\":\"PropertyValueSpecification\",\"valueRequired\":true,\"valueName\":\"search_term_string\"}}],\"inLanguage\":\"nl-NL\"}]}<\/script>\n<!-- \/ Yoast SEO plugin. -->","yoast_head_json":{"title":"Start - ApoBible","robots":{"index":"index","follow":"follow","max-snippet":"max-snippet:-1","max-image-preview":"max-image-preview:large","max-video-preview":"max-video-preview:-1"},"canonical":"https:\/\/apobible.net\/nl\/start\/","og_locale":"nl_NL","og_type":"article","og_title":"Start - ApoBible","og_description":"[vc_row el_class=&#8221;intro_01&#8243;][vc_column width=&#8221;1\/4&#8243;][vc_column_text][\/vc_column_text][\/vc_column][vc_column width=&#8221;3\/4&#8243;][vc_column_text el_class=&#8221;introduction&#8221;]De ApoBible website is gemaakt om Bijbelse profetie\u00ebn bekend te maken, in het bijzonder die van Openbaring. Het principe van de interpretatie bestaat erin de beschouwde tekst te verklaren aan de hand van andere Bijbelse teksten. Onder alle teksten die dezelfde woorden gebruiken of dezelfde idee\u00ebn overbrengen, is er altijd \u00e9\u00e9n [&hellip;]","og_url":"https:\/\/apobible.net\/nl\/start\/","og_site_name":"ApoBible","article_modified_time":"2024-07-23T07:33:16+00:00","og_image":[{"url":"https:\/\/apobible.net\/wp-content\/uploads\/2022\/04\/apobible-p-253x300.jpg","type":"","width":"","height":""}],"twitter_card":"summary_large_image","twitter_misc":{"Geschatte leestijd":"3 minuten"},"schema":{"@context":"https:\/\/schema.org","@graph":[{"@type":"WebPage","@id":"https:\/\/apobible.net\/nl\/start\/","url":"https:\/\/apobible.net\/nl\/start\/","name":"Start - ApoBible","isPartOf":{"@id":"https:\/\/apobible.net\/nl\/#website"},"primaryImageOfPage":{"@id":"https:\/\/apobible.net\/nl\/start\/#primaryimage"},"image":{"@id":"https:\/\/apobible.net\/de\/start\/#primaryimage"},"thumbnailUrl":"https:\/\/apobible.net\/wp-content\/uploads\/2022\/04\/apobible-p-253x300.jpg","datePublished":"2018-10-04T10:58:37+00:00","dateModified":"2024-07-23T07:33:16+00:00","breadcrumb":{"@id":"https:\/\/apobible.net\/nl\/start\/#breadcrumb"},"inLanguage":"nl-NL","potentialAction":[{"@type":"ReadAction","target":[["https:\/\/apobible.net\/nl\/start\/"]]}]},{"@type":"ImageObject","inLanguage":"nl-NL","@id":"https:\/\/apobible.net\/nl\/start\/#primaryimage","url":"https:\/\/apobible.net\/wp-content\/uploads\/2022\/04\/apobible-p-253x300.jpg","contentUrl":"https:\/\/apobible.net\/wp-content\/uploads\/2022\/04\/apobible-p-253x300.jpg"},{"@type":"BreadcrumbList","@id":"https:\/\/apobible.net\/nl\/start\/#breadcrumb","itemListElement":[{"@type":"ListItem","position":1,"name":"Startseite","item":"https:\/\/apobible.net\/nl\/"},{"@type":"ListItem","position":2,"name":"Start"}]},{"@type":"WebSite","@id":"https:\/\/apobible.net\/nl\/#website","url":"https:\/\/apobible.net\/nl\/","name":"ApoBible","description":"Prophecy in the Bibel - Apocalypse &amp; Daniel","potentialAction":[{"@type":"SearchAction","target":{"@type":"EntryPoint","urlTemplate":"https:\/\/apobible.net\/nl\/?s={search_term_string}"},"query-input":{"@type":"PropertyValueSpecification","valueRequired":true,"valueName":"search_term_string"}}],"inLanguage":"nl-NL"}]}},"_links":{"self":[{"href":"https:\/\/apobible.net\/nl\/wp-json\/wp\/v2\/pages\/5526","targetHints":{"allow":["GET"]}}],"collection":[{"href":"https:\/\/apobible.net\/nl\/wp-json\/wp\/v2\/pages"}],"about":[{"href":"https:\/\/apobible.net\/nl\/wp-json\/wp\/v2\/types\/page"}],"author":[{"embeddable":true,"href":"https:\/\/apobible.net\/nl\/wp-json\/wp\/v2\/users\/2"}],"replies":[{"embeddable":true,"href":"https:\/\/apobible.net\/nl\/wp-json\/wp\/v2\/comments?post=5526"}],"version-history":[{"count":5,"href":"https:\/\/apobible.net\/nl\/wp-json\/wp\/v2\/pages\/5526\/revisions"}],"predecessor-version":[{"id":6472,"href":"https:\/\/apobible.net\/nl\/wp-json\/wp\/v2\/pages\/5526\/revisions\/6472"}],"wp:attachment":[{"href":"https:\/\/apobible.net\/nl\/wp-json\/wp\/v2\/media?parent=5526"}],"curies":[{"name":"wp","href":"https:\/\/api.w.org\/{rel}","templated":true}]}}