{"id":5959,"date":"2022-06-20T17:16:04","date_gmt":"2022-06-20T16:16:04","guid":{"rendered":"https:\/\/apobible.net\/fr\/?page_id=5959"},"modified":"2022-06-20T17:24:58","modified_gmt":"2022-06-20T16:24:58","slug":"boutique","status":"publish","type":"page","link":"https:\/\/apobible.net\/fr\/boutique-1\/","title":{"rendered":"Boutique"},"content":{"rendered":"<div class=\"wpb-content-wrapper\"><p>[vc_row][vc_column]<div class=\"woocommerce columns-4 \"><ul class=\"products columns-4\">\n<li class=\"product type-product post-5937 status-publish first instock product_cat-dvd has-post-thumbnail shipping-taxable purchasable product-type-simple\">\n\t<a href=\"https:\/\/apobible.net\/fr\/produkt\/et-si-lapocalypse-avait-raison-dvd\/\" class=\"woocommerce-LoopProduct-link woocommerce-loop-product__link\"><img fetchpriority=\"high\" decoding=\"async\" width=\"600\" height=\"853\" src=\"https:\/\/apobible.net\/wp-content\/uploads\/2022\/06\/Apocalypse-DVD.jpg\" class=\"attachment-woocommerce_thumbnail size-woocommerce_thumbnail\" alt=\"Et si l\u2019Apocalypse avait raison ? - DVD\" srcset=\"https:\/\/apobible.net\/wp-content\/uploads\/2022\/06\/Apocalypse-DVD.jpg 600w, https:\/\/apobible.net\/wp-content\/uploads\/2022\/06\/Apocalypse-DVD-211x300.jpg 211w, https:\/\/apobible.net\/wp-content\/uploads\/2022\/06\/Apocalypse-DVD-211x300@2x.jpg 422w\" sizes=\"(max-width: 600px) 100vw, 600px\" \/><a href=\"\/fr\/wp-json\/wp\/v2\/pages\/5959?add-to-cart=5937\" aria-describedby=\"woocommerce_loop_add_to_cart_link_describedby_5937\" data-quantity=\"1\" class=\"button product_type_simple add_to_cart_button ajax_add_to_cart\" data-product_id=\"5937\" data-product_sku=\"\" aria-label=\"Ajouter au panier\u00a0: &ldquo;Et si l\u2019Apocalypse avait raison ? - DVD&rdquo;\" rel=\"nofollow\" data-success_message=\"\u00ab\u00a0Et si l\u2019Apocalypse avait raison ? - DVD\u00a0\u00bb a \u00e9t\u00e9 ajout\u00e9 \u00e0 votre panier\" role=\"button\">Ajouter au panier<\/a>\t<span id=\"woocommerce_loop_add_to_cart_link_describedby_5937\" class=\"screen-reader-text\">\n\t\t\t<\/span>\n<h2 class=\"woocommerce-loop-product__title\">Et si l\u2019Apocalypse avait raison ? &#8211; DVD<\/h2>\n\t<span class=\"price\"><span class=\"woocommerce-Price-amount amount\"><bdi><span class=\"woocommerce-Price-currencySymbol\">&euro;<\/span>35.00<\/bdi><\/span><\/span>\n<\/a><\/li>\n<li class=\"product type-product post-5936 status-publish instock product_cat-mp3 has-post-thumbnail shipping-taxable purchasable product-type-simple\">\n\t<a href=\"https:\/\/apobible.net\/fr\/produkt\/et-si-lapocalypse-avait-raison-mp3\/\" class=\"woocommerce-LoopProduct-link woocommerce-loop-product__link\"><img decoding=\"async\" width=\"600\" height=\"853\" src=\"https:\/\/apobible.net\/wp-content\/uploads\/2022\/06\/Apocalypse-MP3.jpg\" class=\"attachment-woocommerce_thumbnail size-woocommerce_thumbnail\" alt=\"Et si l\u2019Apocalypse avait raison ? - MP3\" srcset=\"https:\/\/apobible.net\/wp-content\/uploads\/2022\/06\/Apocalypse-MP3.jpg 600w, https:\/\/apobible.net\/wp-content\/uploads\/2022\/06\/Apocalypse-MP3-211x300.jpg 211w, https:\/\/apobible.net\/wp-content\/uploads\/2022\/06\/Apocalypse-MP3-211x300@2x.jpg 422w\" sizes=\"(max-width: 600px) 100vw, 600px\" \/><a href=\"\/fr\/wp-json\/wp\/v2\/pages\/5959?add-to-cart=5936\" aria-describedby=\"woocommerce_loop_add_to_cart_link_describedby_5936\" data-quantity=\"1\" class=\"button product_type_simple add_to_cart_button ajax_add_to_cart\" data-product_id=\"5936\" data-product_sku=\"\" aria-label=\"Ajouter au panier\u00a0: &ldquo;Et si l\u2019Apocalypse avait raison ? - MP3&rdquo;\" rel=\"nofollow\" data-success_message=\"\u00ab\u00a0Et si l\u2019Apocalypse avait raison ? - MP3\u00a0\u00bb a \u00e9t\u00e9 ajout\u00e9 \u00e0 votre panier\" role=\"button\">Ajouter au panier<\/a>\t<span id=\"woocommerce_loop_add_to_cart_link_describedby_5936\" class=\"screen-reader-text\">\n\t\t\t<\/span>\n<h2 class=\"woocommerce-loop-product__title\">Et si l\u2019Apocalypse avait raison ? &#8211; MP3<\/h2>\n\t<span class=\"price\"><span class=\"woocommerce-Price-amount amount\"><bdi><span class=\"woocommerce-Price-currencySymbol\">&euro;<\/span>15.00<\/bdi><\/span><\/span>\n<\/a><\/li>\n<li class=\"product type-product post-5932 status-publish instock product_cat-dvd has-post-thumbnail shipping-taxable purchasable product-type-simple\">\n\t<a href=\"https:\/\/apobible.net\/fr\/produkt\/daniel-le-prophete-dvd\/\" class=\"woocommerce-LoopProduct-link woocommerce-loop-product__link\"><img decoding=\"async\" width=\"600\" height=\"853\" src=\"https:\/\/apobible.net\/wp-content\/uploads\/2022\/06\/Daniel-DVD.jpg\" class=\"attachment-woocommerce_thumbnail size-woocommerce_thumbnail\" alt=\"Daniel - Le proph\u00e8te - DVD\" srcset=\"https:\/\/apobible.net\/wp-content\/uploads\/2022\/06\/Daniel-DVD.jpg 600w, https:\/\/apobible.net\/wp-content\/uploads\/2022\/06\/Daniel-DVD-211x300.jpg 211w, https:\/\/apobible.net\/wp-content\/uploads\/2022\/06\/Daniel-DVD-211x300@2x.jpg 422w\" sizes=\"(max-width: 600px) 100vw, 600px\" \/><a href=\"\/fr\/wp-json\/wp\/v2\/pages\/5959?add-to-cart=5932\" aria-describedby=\"woocommerce_loop_add_to_cart_link_describedby_5932\" data-quantity=\"1\" class=\"button product_type_simple add_to_cart_button ajax_add_to_cart\" data-product_id=\"5932\" data-product_sku=\"\" aria-label=\"Ajouter au panier\u00a0: &ldquo;Daniel - Le proph\u00e8te - DVD&rdquo;\" rel=\"nofollow\" data-success_message=\"\u00ab\u00a0Daniel - Le proph\u00e8te - DVD\u00a0\u00bb a \u00e9t\u00e9 ajout\u00e9 \u00e0 votre panier\" role=\"button\">Ajouter au panier<\/a>\t<span id=\"woocommerce_loop_add_to_cart_link_describedby_5932\" class=\"screen-reader-text\">\n\t\t\t<\/span>\n<h2 class=\"woocommerce-loop-product__title\">Daniel &#8211; Le proph\u00e8te &#8211; DVD<\/h2>\n\t<span class=\"price\"><span class=\"woocommerce-Price-amount amount\"><bdi><span class=\"woocommerce-Price-currencySymbol\">&euro;<\/span>20.00<\/bdi><\/span><\/span>\n<\/a><\/li>\n<li class=\"product type-product post-5933 status-publish last instock product_cat-mp3 has-post-thumbnail shipping-taxable purchasable product-type-simple\">\n\t<a href=\"https:\/\/apobible.net\/fr\/produkt\/daniel-le-prophete-mp3\/\" class=\"woocommerce-LoopProduct-link woocommerce-loop-product__link\"><img loading=\"lazy\" decoding=\"async\" width=\"600\" height=\"853\" src=\"https:\/\/apobible.net\/wp-content\/uploads\/2022\/06\/Daniel-Mp3-CD.jpg\" class=\"attachment-woocommerce_thumbnail size-woocommerce_thumbnail\" alt=\"Daniel - Le proph\u00e8te - MP3\" srcset=\"https:\/\/apobible.net\/wp-content\/uploads\/2022\/06\/Daniel-Mp3-CD.jpg 600w, https:\/\/apobible.net\/wp-content\/uploads\/2022\/06\/Daniel-Mp3-CD-211x300.jpg 211w, https:\/\/apobible.net\/wp-content\/uploads\/2022\/06\/Daniel-Mp3-CD-211x300@2x.jpg 422w\" sizes=\"(max-width: 600px) 100vw, 600px\" \/><a href=\"\/fr\/wp-json\/wp\/v2\/pages\/5959?add-to-cart=5933\" aria-describedby=\"woocommerce_loop_add_to_cart_link_describedby_5933\" data-quantity=\"1\" class=\"button product_type_simple add_to_cart_button ajax_add_to_cart\" data-product_id=\"5933\" data-product_sku=\"\" aria-label=\"Ajouter au panier\u00a0: &ldquo;Daniel - Le proph\u00e8te - MP3&rdquo;\" rel=\"nofollow\" data-success_message=\"\u00ab\u00a0Daniel - Le proph\u00e8te - MP3\u00a0\u00bb a \u00e9t\u00e9 ajout\u00e9 \u00e0 votre panier\" role=\"button\">Ajouter au panier<\/a>\t<span id=\"woocommerce_loop_add_to_cart_link_describedby_5933\" class=\"screen-reader-text\">\n\t\t\t<\/span>\n<h2 class=\"woocommerce-loop-product__title\">Daniel &#8211; Le proph\u00e8te &#8211; MP3<\/h2>\n\t<span class=\"price\"><span class=\"woocommerce-Price-amount amount\"><bdi><span class=\"woocommerce-Price-currencySymbol\">&euro;<\/span>10.00<\/bdi><\/span><\/span>\n<\/a><\/li>\n<\/ul>\n<\/div>[\/vc_column][\/vc_row]<\/p>\n<\/div>","protected":false},"excerpt":{"rendered":"<p>[vc_row][vc_column][\/vc_column][\/vc_row]<\/p>\n","protected":false},"author":2,"featured_media":0,"parent":0,"menu_order":0,"comment_status":"closed","ping_status":"closed","template":"","meta":{"footnotes":""},"class_list":["post-5959","page","type-page","status-publish","hentry"],"yoast_head":"<!-- This site is optimized with the Yoast SEO plugin v27.5 - https:\/\/yoast.com\/product\/yoast-seo-wordpress\/ -->\n<title>Boutique - ApoBible<\/title>\n<meta name=\"robots\" content=\"index, follow, max-snippet:-1, max-image-preview:large, max-video-preview:-1\" \/>\n<link rel=\"canonical\" href=\"https:\/\/apobible.net\/fr\/boutique-1\/\" \/>\n<meta property=\"og:locale\" content=\"fr_FR\" \/>\n<meta property=\"og:type\" content=\"article\" \/>\n<meta property=\"og:title\" content=\"Boutique - ApoBible\" \/>\n<meta property=\"og:description\" content=\"[vc_row][vc_column][\/vc_column][\/vc_row]\" \/>\n<meta property=\"og:url\" content=\"https:\/\/apobible.net\/fr\/boutique-1\/\" \/>\n<meta property=\"og:site_name\" content=\"ApoBible\" \/>\n<meta property=\"article:modified_time\" content=\"2022-06-20T16:24:58+00:00\" \/>\n<meta name=\"twitter:card\" content=\"summary_large_image\" \/>\n<meta name=\"twitter:label1\" content=\"Dur\u00e9e de lecture estim\u00e9e\" \/>\n\t<meta name=\"twitter:data1\" content=\"1 minute\" \/>\n<script type=\"application\/ld+json\" class=\"yoast-schema-graph\">{\"@context\":\"https:\\\/\\\/schema.org\",\"@graph\":[{\"@type\":\"WebPage\",\"@id\":\"https:\\\/\\\/apobible.net\\\/fr\\\/boutique-1\\\/\",\"url\":\"https:\\\/\\\/apobible.net\\\/fr\\\/boutique-1\\\/\",\"name\":\"Boutique - ApoBible\",\"isPartOf\":{\"@id\":\"https:\\\/\\\/apobible.net\\\/fr\\\/#website\"},\"datePublished\":\"2022-06-20T16:16:04+00:00\",\"dateModified\":\"2022-06-20T16:24:58+00:00\",\"breadcrumb\":{\"@id\":\"https:\\\/\\\/apobible.net\\\/fr\\\/boutique-1\\\/#breadcrumb\"},\"inLanguage\":\"fr-FR\",\"potentialAction\":[{\"@type\":\"ReadAction\",\"target\":[[\"https:\\\/\\\/apobible.net\\\/fr\\\/boutique-1\\\/\"]]}]},{\"@type\":\"BreadcrumbList\",\"@id\":\"https:\\\/\\\/apobible.net\\\/fr\\\/boutique-1\\\/#breadcrumb\",\"itemListElement\":[{\"@type\":\"ListItem\",\"position\":1,\"name\":\"Startseite\",\"item\":\"https:\\\/\\\/apobible.net\\\/fr\\\/\"},{\"@type\":\"ListItem\",\"position\":2,\"name\":\"Boutique\"}]},{\"@type\":\"WebSite\",\"@id\":\"https:\\\/\\\/apobible.net\\\/fr\\\/#website\",\"url\":\"https:\\\/\\\/apobible.net\\\/fr\\\/\",\"name\":\"ApoBible\",\"description\":\"Prophecy in the Bibel - Apocalypse &amp; Daniel\",\"potentialAction\":[{\"@type\":\"SearchAction\",\"target\":{\"@type\":\"EntryPoint\",\"urlTemplate\":\"https:\\\/\\\/apobible.net\\\/fr\\\/?s={search_term_string}\"},\"query-input\":{\"@type\":\"PropertyValueSpecification\",\"valueRequired\":true,\"valueName\":\"search_term_string\"}}],\"inLanguage\":\"fr-FR\"}]}<\/script>\n<!-- \/ Yoast SEO plugin. -->","yoast_head_json":{"title":"Boutique - ApoBible","robots":{"index":"index","follow":"follow","max-snippet":"max-snippet:-1","max-image-preview":"max-image-preview:large","max-video-preview":"max-video-preview:-1"},"canonical":"https:\/\/apobible.net\/fr\/boutique-1\/","og_locale":"fr_FR","og_type":"article","og_title":"Boutique - ApoBible","og_description":"[vc_row][vc_column][\/vc_column][\/vc_row]","og_url":"https:\/\/apobible.net\/fr\/boutique-1\/","og_site_name":"ApoBible","article_modified_time":"2022-06-20T16:24:58+00:00","twitter_card":"summary_large_image","twitter_misc":{"Dur\u00e9e de lecture estim\u00e9e":"1 minute"},"schema":{"@context":"https:\/\/schema.org","@graph":[{"@type":"WebPage","@id":"https:\/\/apobible.net\/fr\/boutique-1\/","url":"https:\/\/apobible.net\/fr\/boutique-1\/","name":"Boutique - ApoBible","isPartOf":{"@id":"https:\/\/apobible.net\/fr\/#website"},"datePublished":"2022-06-20T16:16:04+00:00","dateModified":"2022-06-20T16:24:58+00:00","breadcrumb":{"@id":"https:\/\/apobible.net\/fr\/boutique-1\/#breadcrumb"},"inLanguage":"fr-FR","potentialAction":[{"@type":"ReadAction","target":[["https:\/\/apobible.net\/fr\/boutique-1\/"]]}]},{"@type":"BreadcrumbList","@id":"https:\/\/apobible.net\/fr\/boutique-1\/#breadcrumb","itemListElement":[{"@type":"ListItem","position":1,"name":"Startseite","item":"https:\/\/apobible.net\/fr\/"},{"@type":"ListItem","position":2,"name":"Boutique"}]},{"@type":"WebSite","@id":"https:\/\/apobible.net\/fr\/#website","url":"https:\/\/apobible.net\/fr\/","name":"ApoBible","description":"Prophecy in the Bibel - Apocalypse &amp; Daniel","potentialAction":[{"@type":"SearchAction","target":{"@type":"EntryPoint","urlTemplate":"https:\/\/apobible.net\/fr\/?s={search_term_string}"},"query-input":{"@type":"PropertyValueSpecification","valueRequired":true,"valueName":"search_term_string"}}],"inLanguage":"fr-FR"}]}},"_links":{"self":[{"href":"https:\/\/apobible.net\/fr\/wp-json\/wp\/v2\/pages\/5959","targetHints":{"allow":["GET"]}}],"collection":[{"href":"https:\/\/apobible.net\/fr\/wp-json\/wp\/v2\/pages"}],"about":[{"href":"https:\/\/apobible.net\/fr\/wp-json\/wp\/v2\/types\/page"}],"author":[{"embeddable":true,"href":"https:\/\/apobible.net\/fr\/wp-json\/wp\/v2\/users\/2"}],"replies":[{"embeddable":true,"href":"https:\/\/apobible.net\/fr\/wp-json\/wp\/v2\/comments?post=5959"}],"version-history":[{"count":1,"href":"https:\/\/apobible.net\/fr\/wp-json\/wp\/v2\/pages\/5959\/revisions"}],"predecessor-version":[{"id":5960,"href":"https:\/\/apobible.net\/fr\/wp-json\/wp\/v2\/pages\/5959\/revisions\/5960"}],"wp:attachment":[{"href":"https:\/\/apobible.net\/fr\/wp-json\/wp\/v2\/media?parent=5959"}],"curies":[{"name":"wp","href":"https:\/\/api.w.org\/{rel}","templated":true}]}}