{"id":5952,"date":"2022-06-20T17:04:31","date_gmt":"2022-06-20T16:04:31","guid":{"rendered":"https:\/\/apobible.net\/de\/?page_id=5952"},"modified":"2022-10-11T17:27:53","modified_gmt":"2022-10-11T16:27:53","slug":"general-terms-and-conditions","status":"publish","type":"page","link":"https:\/\/apobible.net\/fr\/conditions-generales\/","title":{"rendered":"Conditions g\u00e9n\u00e9rales"},"content":{"rendered":"<h1 class=\"fusion-responsive-typography-calculated\" data-fontsize=\"48\" data-lineheight=\"53.76px\">CONDITIONS G\u00c9N\u00c9RALES DE VENTE<\/h1>\n<p><strong>ARTICLE 1 \u2013 OBJET<\/strong><\/p>\n<p>Les pr\u00e9sentes conditions sont conclues entre :<br \/>\nD\u2019une part, l\u2019association loi 1901 \u00ab APOBIBLE \u00bb<br \/>\nEt, d\u2019autre part, les personnes souhaitant effectuer un achat via le site Internet\u00a0<a href=\"http:\/\/www.apobible.net\/\">www.apobible.net<\/a>\u00a0(ci-apr\u00e8s d\u00e9nomm\u00e9es l\u2019utilisateur).<br \/>\nLes pr\u00e9sentes conditions visent \u00e0 d\u00e9finir les modalit\u00e9s de vente entre APOBIBLE et l\u2019utilisateur de la commande ainsi que le paiement et la livraison.<br \/>\nLes parties conviennent que leurs relations seront r\u00e9gies exclusivement par le pr\u00e9sent contrat, \u00e0 l\u2019exclusion de toute condition pr\u00e9alablement disponible sur le site.<br \/>\nCes conditions ne concernent \u00e0 titre exclusif que les personnes physiques non commer\u00e7antes.<br \/>\nSi une condition venait \u00e0 faire d\u00e9faut, elle serait consid\u00e9r\u00e9e \u00eatre r\u00e9gie par les usages en vigueur dans le secteur de la vente \u00e0 distance dont les soci\u00e9t\u00e9s ont leur si\u00e8ge en France.<br \/>\nL\u2019association loi 1901 \u00ab APOBIBLE \u00bb s\u2019engage \u00e0 respecter toutes les conditions du code de la consommation relatives \u00e0 la vente a distance.<\/p>\n<p>&nbsp;<\/p>\n<p><strong>ARTICLE 2 \u2013 LA COMMANDE<\/strong><\/p>\n<p>La commande ne peut \u00eatre enregistr\u00e9e sur le site que si l\u2019utilisateur s\u2019est clairement identifi\u00e9 en compl\u00e9tant le bon de commande en ligne lui permettant d\u2019obtenir l\u2019attribution d\u2019un num\u00e9ro de client.<br \/>\nToute commande vaut acceptation des prix et description des produits disponibles \u00e0 la vente et est irr\u00e9vocable.<br \/>\nToute contestation sur ce point interviendra dans le cadre d\u2019un \u00e9ventuel \u00e9change et des garanties ci-dessous mentionn\u00e9es.<br \/>\nL\u2019association loi 1901 \u00ab APOBIBLE \u00bb s\u2019engage \u00e0 honorer les commandes re\u00e7ues sur le site Internet uniquement dans la limite des stocks disponibles des produits.<br \/>\nA d\u00e9faut de disponibilit\u00e9 du produit, L\u2019association loi 1901 \u00ab APOBIBLE \u00bb s\u2019engage \u00e0 en informer au plus vite l\u2019utilisateur par courrier ou par mail, en offrant les options suivantes :<br \/>\n\u2013 Maintenir la commande et la recevoir lorsque le ou les produits seront disponibles,<br \/>\n\u2013 Annuler la commande en partie ou en totalit\u00e9 pour les produits non disponibles.<br \/>\nL\u2019association loi 1901 \u00ab APOBIBLE \u00bb ne pourra en aucun cas \u00eatre tenu pour responsable de tout dommage subi en raison d\u2019une rupture de stock.<br \/>\nL\u2019association loi 1901 \u00ab APOBIBLE \u00bb se r\u00e9serve le droit d\u2019annuler ou de refuser toute commande d\u2019un utilisateur avec lequel il existerait un litige relatif au paiement d\u2019une commande ant\u00e9rieure.<\/p>\n<p>&nbsp;<\/p>\n<p><strong>ARTICLE 3 \u2013 LA LIVRAISON<\/strong><\/p>\n<p>Pour chaque commande, il est demand\u00e9 \u00e0 l\u2019utilisateur une participation forfaitaire aux frais de traitement de la commande et frais de transport. Ce montant est calcul\u00e9 automatiquement sur le bon de commande.<\/p>\n<p>L\u2019utilisateur a le choix de se faire livrer :<br \/>\n-soit \u00e0 domicile,<br \/>\n-soit \u00e0 une autre adresse particuli\u00e8re que celle de facturation.<\/p>\n<p>La livraison sera effectu\u00e9e par L\u2019association loi 1901 \u00ab APOBIBLE \u00bb le plus rapidement possible apr\u00e8s l\u2019acceptation de la commande. Les d\u00e9lais peuvent varier selon la destination de l\u2019envoi et la disponibilit\u00e9 des produits.<br \/>\nTous nos envois se font par paquet postal dans un emballage garantissant une parfaite protection du contenu. Le risque de transport \u00e9tant \u00e0 votre charge, en cas d\u2019avarie de transport, il vous appartiendrait de formuler une protestation motiv\u00e9e aupr\u00e8s du transporteur et d\u2019en informer dans un d\u00e9lai maximum de 2 jours.<br \/>\nLes produits command\u00e9s deviendront la responsabilit\u00e9 de l\u2019acheteur lorsque ceux-ci seront remis par L\u2019association loi 1901 \u00ab APOBIBLE \u00bb \u00e0 la poste.<br \/>\nPour tous produits livr\u00e9s \u00e0 l\u2019ext\u00e9rieur de la France, la responsabilit\u00e9 de tous les frais inh\u00e9rents au d\u00e9douanement et de tout autre frais inh\u00e9rents \u00e0 l\u2019exportation \u00e0 l\u2019ext\u00e9rieur de la France va \u00e0 l\u2019acheteur.<br \/>\nL\u2019association loi 1901 \u00ab APOBIBLE \u00bb devra avoir re\u00e7u le paiement complet des produits qui doivent \u00eatre livr\u00e9s avant de proc\u00e9der \u00e0 leur livraison.<br \/>\nLes retards de livraison ne peuvent donner lieu \u00e0 aucune p\u00e9nalit\u00e9 ou indemnit\u00e9, ni motiver l\u2019annulation de la commande.<\/p>\n<p>&nbsp;<\/p>\n<p><strong>ARTICLE 4 \u2013 LES MODALITES DE PAIEMENT<\/strong><\/p>\n<p>L\u2019association loi 1901 \u00ab APOBIBLE \u00bb accepte comme modes de r\u00e8glement :<\/p>\n<ul>\n<li>Par ch\u00e8que uniquement en France : pour vos r\u00e8glements par ch\u00e8que, il vous suffit :<\/li>\n<\/ul>\n<ol>\n<li>D\u2019imprimer votre bon de commande apr\u00e8s avoir valid\u00e9 votre commande,<\/li>\n<li>De libeller le ch\u00e8que \u00e0 l\u2019ordre de APOBIBLE ,<\/li>\n<li>D\u2019envoyer sous enveloppe affranchie votre ch\u00e8que et votre bon de commande \u00e0 l\u2019adresse suivante :<\/li>\n<\/ol>\n<p>APOBIBLE<br \/>\n174 Avenue des Erables<br \/>\n04100 Manosque FRANCE<\/p>\n<ul>\n<li>Par virement bancaire SEPA<\/li>\n<\/ul>\n<p>&nbsp;<\/p>\n<p><strong>ARTICLE 5 \u2013 LES TARIFS<\/strong><\/p>\n<p>Les prix sont indiqu\u00e9s en euros toutes taxes comprises.<br \/>\nTout changement du taux applicable pourra \u00eatre r\u00e9percut\u00e9 sur les prix des produits.<br \/>\nL\u2019association loi 1901 \u00ab APOBIBLE \u00bbse r\u00e9serve le droit de modifier en tout temps le prix des produits sur le site, sans pr\u00e9avis.<br \/>\nLes frais de transport et de livraison sont en sus.<\/p>\n<p>&nbsp;<\/p>\n<p><strong>ARTICLE 6 \u2013 LES GARANTIES<\/strong><\/p>\n<p>Tous les produits peuvent faire l\u2019objet d\u2019\u00e9change ou d\u2019un remboursement except\u00e9 pour ceux portant une mention contraire.<br \/>\nL\u2019\u00e9change ou le remboursement doit intervenir dans un d\u00e9lai de 15 jours \u00e0 compter de la date de livraison ou de retrait.<br \/>\nPr\u00e9alablement \u00e0 tout \u00e9change ou remboursement, les produits devront \u00eatre intacts et retourn\u00e9s \u00e0 L\u2019association loi 1901 \u00ab APOBIBLE \u00bb de pr\u00e9f\u00e9rence dans son emballage d\u2019origine et aux frais de l\u2019utilisateur.<br \/>\nSur r\u00e9ception des produits retourn\u00e9s et apr\u00e8s v\u00e9rification de l\u2019\u00e9tat de ceux-ci :<br \/>\n\u2013 Si la nouvelle commande est d\u2019un montant sup\u00e9rieur, l\u2019utilisateur devra joindre \u00e0 la commande d\u2019\u00e9change le paiement du reliquat.<br \/>\n\u2013 A l\u2019inverse, si le montant de l\u2019\u00e9change est inf\u00e9rieur au montant initial, l\u2019utilisateur recevra d\u00e8s r\u00e9ception de la demande soit un ch\u00e8que en remboursement de la diff\u00e9rence, pour le produit en question, sauf les frais de livraison.<br \/>\nDans le cas d\u2019une demande de remboursement d\u2019un article ayant \u00e9t\u00e9 attribu\u00e9 gracieusement ou \u00e0 moindre frais \u00e0 l\u2019occasion d\u2019une offre sp\u00e9ciale propos\u00e9e \u00e0 l\u2019utilisateur, il sera rembours\u00e9 en partie de sa valeur commerciale et non dans sa totalit\u00e9.<\/p>\n<p>&nbsp;<\/p>\n<p><strong>ARTICLE 7 \u2013 SIGNATURES ET PREUVES<\/strong><\/p>\n<p>Dans tous les cas, la validation finale de la commande vaudra preuve de l\u2019int\u00e9gralit\u00e9 de la date de commande conform\u00e9ment aux dispositions de la loi du 13 mars 2000 et vaudront exigibilit\u00e9 des sommes engag\u00e9es par la saisie des articles figurant sur le bon de commande. Cette validation vaut signature et acceptation expresse de toutes les op\u00e9rations effectu\u00e9es sur le site.<\/p>\n<p>&nbsp;<\/p>\n<p><strong>ARTICLE 8 \u2013\u00a0<\/strong><b>RESPONSABILIT\u00c9<\/b><\/p>\n<p>L\u2019association loi 1901 \u00ab APOBIBLE \u00bb n\u2019a, pour toutes les \u00e9tapes d\u2019acc\u00e8s au site, du processus de commande, de la livraison ou des services post\u00e9rieurs, qu\u2019une obligation de moyen. La responsabilit\u00e9 de L\u2019association loi 1901 \u00ab APOBIBLE \u00bb ne saurait \u00eatre engag\u00e9e pour tous les inconv\u00e9nients ou dommages inh\u00e9rents \u00e0 l\u2019utilisation du r\u00e9seau Internet, notamment une rupture du service, une intrusion ext\u00e9rieure ou la pr\u00e9sence de virus informatiques, ou de tout fait qualifi\u00e9 de force majeure, conform\u00e9ment \u00e0 la jurisprudence.<br \/>\nLa responsabilit\u00e9 de l\u2019association APOBIBLE ne sera \u00e9galement pas engag\u00e9e quant aux informations publi\u00e9es sur des sites ext\u00e9rieurs reli\u00e9s directement ou indirectement au site de L\u2019association loi 1901 \u00ab APOBIBLE \u00bb.<\/p>\n<p>&nbsp;<\/p>\n<p><strong>ARTICLE 9 \u2013 DONNEES NOMINATIVES<\/strong><\/p>\n<p>L\u2019association loi 1901 \u00ab APOBIBLE \u00bb ne transmet, en aucun cas, les coordonn\u00e9es des clients.<\/p>\n<p>&nbsp;<\/p>\n<p><strong>ARTICLE 10 \u2013 PROPRI\u00c9T\u00c9\u00a0INTELLECTUELLE<\/strong><\/p>\n<p>Tous les \u00e9l\u00e9ments du site de L\u2019association loi 1901 \u00ab APOBIBLE \u00bb, qu\u2019ils soient visuels ou sonores, y compris la technologie sous-jacente, sont prot\u00e9g\u00e9s par le droit d\u2019auteur, des marques, des mod\u00e8les et dessins ou des brevets.<br \/>\nIls sont la propri\u00e9t\u00e9 exclusive de L\u2019association loi 1901 \u00ab APOBIBLE \u00bb. L\u2019utilisateur qui dispose d\u2019un site Internet \u00e0 titre personnel et qui d\u00e9sire placer, pour un usage personnel, sur son site un lien simple renvoyant directement \u00e0 la Home page du site de L\u2019association loi 1901 \u00ab APOBIBLE \u00bb doit obligatoirement en demander l\u2019autorisation \u00e0 l\u2019association. Il ne s\u2019agira pas dans ce cas d\u2019une convention implicite d\u2019affiliation. En revanche, tout lien hypertexte renvoyant au site de L\u2019association loi 1901 \u00ab APOBIBLE \u00bb et utilisant la technique du Framing ou du in-line linking est formellement interdit.<br \/>\nDans tous les cas, tout lien, m\u00eame tacitement autoris\u00e9, devra \u00eatre retir\u00e9 sur simple demande de l\u2019entreprise.<\/p>\n<p>&nbsp;<\/p>\n<p><strong>ARTICLE 11 \u2013 INTEGRALITE<\/strong><\/p>\n<p>Dans l\u2019hypoth\u00e8se o\u00f9 l\u2019une des clauses du pr\u00e9sent contrat serait nulle et non avenue par un changement de l\u00e9gislation, de r\u00e9glementation ou par une d\u00e9cision de justice, cela ne saurait en aucun cas la validit\u00e9 et le respect des pr\u00e9sentes conditions g\u00e9n\u00e9rales de vente.<\/p>\n<p>&nbsp;<\/p>\n<p><strong>ARTICLE 12 \u2013\u00a0<\/strong><b>DUR\u00c9E<\/b><\/p>\n<p>Les pr\u00e9sentes conditions s\u2019appliquent pendant toute la dur\u00e9e de mise en ligne des services offerts par L\u2019association loi 1901 \u00ab APOBIBLE \u00bb<\/p>\n<p>&nbsp;<\/p>\n<p><strong>ARTICLE 13 \u2013 PREUVE<\/strong><\/p>\n<p>Les registres informatis\u00e9s, conserv\u00e9s dans les syst\u00e8mes informatiques de L\u2019association loi 1901 \u00ab APOBIBLE \u00bb et de ses partenaires seront consid\u00e9r\u00e9s comme les preuves des communications et des commandes intervenues entre les parties.<\/p>\n<p>&nbsp;<\/p>\n<p><strong>ARTICLE 14 \u2013 CONSERVATION ET ARCHIVAGES DES TRANSACTIONS<\/strong><\/p>\n<p>L\u2019archivage des bons de commande et des factures est effectu\u00e9 sur un support fiable et durable de mani\u00e8re \u00e0 correspondre \u00e0 une copie fid\u00e8le et durable conform\u00e9ment \u00e0 l\u2019article 1348 du code civil.<\/p>\n<p>&nbsp;<\/p>\n<p><strong>ARTICLE 15 \u2013 LOI APPLICABLE \u2013 ATTRIBUTION DE COMPETENCE<\/strong><\/p>\n<p>LES PRESENTES CONDITIONS SONT SOUMISES A LA LOI FRAN\u00c7AISE.<br \/>\nTOUT DIFFEREND AU SUJET DE L\u2019APPLICATION DES PRESENTES CONDITIONS GENERALES DE VENTE ET DE LEUR INTERPRETATION ET\/OU DE LEUR EXECUTION, OU AU SUJET DU PAIEMENT DU PRIX, SERA PORTE DEVANT LES TRIBUNAUX COMPETENTS DU SIEGE DE NOTRE ASSOCIATION, QUEL QUE SOIT LE LIEU DE LA COMMANDE, DE LA LIVRAISON, DU PAIEMENT ET LE MODE DE PAIEMENT, ET MEME EN CAS D\u2019APPEL EN GARANTIE OU DE PLURALITE DE DEFENDEURS.<\/p>\n<p>&nbsp;<\/p>\n<p><strong>ARTICLE 16 \u2013 FORCE MAJEURE<\/strong><\/p>\n<p>L\u2019association loi 1901 \u00ab APOBIBLE \u00bb ne pourra en aucun cas voir sa responsabilit\u00e9 engag\u00e9e pour tout manquement \u00e0 ses obligations contractuelles dans l\u2019hypoth\u00e8se d\u2019une force majeure pour les \u00e9v\u00e8nements suivants sans que leur \u00e9num\u00e9ration ne puisse rev\u00eatir un caract\u00e8re exhaustif : gr\u00e8ve interne ou externe,\u00a0\u00a0catastrophes, retard de notre approvisionnement et d\u2019une mani\u00e8re g\u00e9n\u00e9rale tout \u00e9v\u00e9nement touchant et rendant\u00a0\u00a0impossible l\u2019ex\u00e9cution normale des commandes.<\/p>\n<p>&nbsp;<\/p>\n<p><strong>ARTICLE 17 \u2013 INFORMATIONS ASSOCIATION<\/strong><\/p>\n<p>L\u2019association APOBIBLE est une association loi 1901, d\u00e9clar\u00e9e sous le n\u00b0 W044001744 aupr\u00e8s de la Sous-Pr\u00e9fecture de Forcalquier (Alpes-de-Haute-Provence) FRANCE, ayant pour si\u00e8ge social 174, avenue des Erables, 04100 Manosque \u2013 FRANCE<br \/>\ne-mail : contact@apobible.net<\/p>\n<p>&nbsp;<\/p>\n","protected":false},"excerpt":{"rendered":"<p>CONDITIONS G\u00c9N\u00c9RALES DE VENTE ARTICLE 1 \u2013 OBJET Les pr\u00e9sentes conditions sont conclues entre : D\u2019une part, l\u2019association loi 1901 \u00ab APOBIBLE \u00bb Et, d\u2019autre part, les personnes souhaitant effectuer un achat via le site Internet\u00a0www.apobible.net\u00a0(ci-apr\u00e8s d\u00e9nomm\u00e9es l\u2019utilisateur). Les pr\u00e9sentes conditions visent \u00e0 d\u00e9finir les modalit\u00e9s de vente entre APOBIBLE et l\u2019utilisateur de la commande [&hellip;]<\/p>\n","protected":false},"author":2,"featured_media":0,"parent":0,"menu_order":0,"comment_status":"closed","ping_status":"closed","template":"","meta":{"footnotes":""},"class_list":["post-5952","page","type-page","status-publish","hentry"],"yoast_head":"<!-- This site is optimized with the Yoast SEO plugin v27.5 - https:\/\/yoast.com\/product\/yoast-seo-wordpress\/ -->\n<title>Conditions g\u00e9n\u00e9rales - ApoBible<\/title>\n<meta name=\"robots\" content=\"index, follow, max-snippet:-1, max-image-preview:large, max-video-preview:-1\" \/>\n<link rel=\"canonical\" href=\"https:\/\/apobible.net\/fr\/general-terms-and-conditions\/\" \/>\n<meta property=\"og:locale\" content=\"fr_FR\" \/>\n<meta property=\"og:type\" content=\"article\" \/>\n<meta property=\"og:title\" content=\"Conditions g\u00e9n\u00e9rales - ApoBible\" \/>\n<meta property=\"og:description\" content=\"CONDITIONS G\u00c9N\u00c9RALES DE VENTE ARTICLE 1 \u2013 OBJET Les pr\u00e9sentes conditions sont conclues entre : D\u2019une part, l\u2019association loi 1901 \u00ab APOBIBLE \u00bb Et, d\u2019autre part, les personnes souhaitant effectuer un achat via le site Internet\u00a0www.apobible.net\u00a0(ci-apr\u00e8s d\u00e9nomm\u00e9es l\u2019utilisateur). Les pr\u00e9sentes conditions visent \u00e0 d\u00e9finir les modalit\u00e9s de vente entre APOBIBLE et l\u2019utilisateur de la commande [&hellip;]\" \/>\n<meta property=\"og:url\" content=\"https:\/\/apobible.net\/fr\/general-terms-and-conditions\/\" \/>\n<meta property=\"og:site_name\" content=\"ApoBible\" \/>\n<meta property=\"article:modified_time\" content=\"2022-10-11T16:27:53+00:00\" \/>\n<meta name=\"twitter:card\" content=\"summary_large_image\" \/>\n<script type=\"application\/ld+json\" class=\"yoast-schema-graph\">{\"@context\":\"https:\\\/\\\/schema.org\",\"@graph\":[{\"@type\":\"WebPage\",\"@id\":\"https:\\\/\\\/apobible.net\\\/fr\\\/general-terms-and-conditions\\\/\",\"url\":\"https:\\\/\\\/apobible.net\\\/fr\\\/general-terms-and-conditions\\\/\",\"name\":\"Conditions g\u00e9n\u00e9rales - ApoBible\",\"isPartOf\":{\"@id\":\"https:\\\/\\\/apobible.net\\\/fr\\\/#website\"},\"datePublished\":\"2022-06-20T16:04:31+00:00\",\"dateModified\":\"2022-10-11T16:27:53+00:00\",\"breadcrumb\":{\"@id\":\"https:\\\/\\\/apobible.net\\\/fr\\\/general-terms-and-conditions\\\/#breadcrumb\"},\"inLanguage\":\"fr-FR\",\"potentialAction\":[{\"@type\":\"ReadAction\",\"target\":[[\"https:\\\/\\\/apobible.net\\\/fr\\\/general-terms-and-conditions\\\/\"]]}]},{\"@type\":\"BreadcrumbList\",\"@id\":\"https:\\\/\\\/apobible.net\\\/fr\\\/general-terms-and-conditions\\\/#breadcrumb\",\"itemListElement\":[{\"@type\":\"ListItem\",\"position\":1,\"name\":\"Startseite\",\"item\":\"https:\\\/\\\/apobible.net\\\/fr\\\/\"},{\"@type\":\"ListItem\",\"position\":2,\"name\":\"Conditions g\u00e9n\u00e9rales\"}]},{\"@type\":\"WebSite\",\"@id\":\"https:\\\/\\\/apobible.net\\\/fr\\\/#website\",\"url\":\"https:\\\/\\\/apobible.net\\\/fr\\\/\",\"name\":\"ApoBible\",\"description\":\"Prophecy in the Bibel - Apocalypse &amp; Daniel\",\"potentialAction\":[{\"@type\":\"SearchAction\",\"target\":{\"@type\":\"EntryPoint\",\"urlTemplate\":\"https:\\\/\\\/apobible.net\\\/fr\\\/?s={search_term_string}\"},\"query-input\":{\"@type\":\"PropertyValueSpecification\",\"valueRequired\":true,\"valueName\":\"search_term_string\"}}],\"inLanguage\":\"fr-FR\"}]}<\/script>\n<!-- \/ Yoast SEO plugin. -->","yoast_head_json":{"title":"Conditions g\u00e9n\u00e9rales - ApoBible","robots":{"index":"index","follow":"follow","max-snippet":"max-snippet:-1","max-image-preview":"max-image-preview:large","max-video-preview":"max-video-preview:-1"},"canonical":"https:\/\/apobible.net\/fr\/general-terms-and-conditions\/","og_locale":"fr_FR","og_type":"article","og_title":"Conditions g\u00e9n\u00e9rales - ApoBible","og_description":"CONDITIONS G\u00c9N\u00c9RALES DE VENTE ARTICLE 1 \u2013 OBJET Les pr\u00e9sentes conditions sont conclues entre : D\u2019une part, l\u2019association loi 1901 \u00ab APOBIBLE \u00bb Et, d\u2019autre part, les personnes souhaitant effectuer un achat via le site Internet\u00a0www.apobible.net\u00a0(ci-apr\u00e8s d\u00e9nomm\u00e9es l\u2019utilisateur). Les pr\u00e9sentes conditions visent \u00e0 d\u00e9finir les modalit\u00e9s de vente entre APOBIBLE et l\u2019utilisateur de la commande [&hellip;]","og_url":"https:\/\/apobible.net\/fr\/general-terms-and-conditions\/","og_site_name":"ApoBible","article_modified_time":"2022-10-11T16:27:53+00:00","twitter_card":"summary_large_image","schema":{"@context":"https:\/\/schema.org","@graph":[{"@type":"WebPage","@id":"https:\/\/apobible.net\/fr\/general-terms-and-conditions\/","url":"https:\/\/apobible.net\/fr\/general-terms-and-conditions\/","name":"Conditions g\u00e9n\u00e9rales - ApoBible","isPartOf":{"@id":"https:\/\/apobible.net\/fr\/#website"},"datePublished":"2022-06-20T16:04:31+00:00","dateModified":"2022-10-11T16:27:53+00:00","breadcrumb":{"@id":"https:\/\/apobible.net\/fr\/general-terms-and-conditions\/#breadcrumb"},"inLanguage":"fr-FR","potentialAction":[{"@type":"ReadAction","target":[["https:\/\/apobible.net\/fr\/general-terms-and-conditions\/"]]}]},{"@type":"BreadcrumbList","@id":"https:\/\/apobible.net\/fr\/general-terms-and-conditions\/#breadcrumb","itemListElement":[{"@type":"ListItem","position":1,"name":"Startseite","item":"https:\/\/apobible.net\/fr\/"},{"@type":"ListItem","position":2,"name":"Conditions g\u00e9n\u00e9rales"}]},{"@type":"WebSite","@id":"https:\/\/apobible.net\/fr\/#website","url":"https:\/\/apobible.net\/fr\/","name":"ApoBible","description":"Prophecy in the Bibel - Apocalypse &amp; Daniel","potentialAction":[{"@type":"SearchAction","target":{"@type":"EntryPoint","urlTemplate":"https:\/\/apobible.net\/fr\/?s={search_term_string}"},"query-input":{"@type":"PropertyValueSpecification","valueRequired":true,"valueName":"search_term_string"}}],"inLanguage":"fr-FR"}]}},"_links":{"self":[{"href":"https:\/\/apobible.net\/fr\/wp-json\/wp\/v2\/pages\/5952","targetHints":{"allow":["GET"]}}],"collection":[{"href":"https:\/\/apobible.net\/fr\/wp-json\/wp\/v2\/pages"}],"about":[{"href":"https:\/\/apobible.net\/fr\/wp-json\/wp\/v2\/types\/page"}],"author":[{"embeddable":true,"href":"https:\/\/apobible.net\/fr\/wp-json\/wp\/v2\/users\/2"}],"replies":[{"embeddable":true,"href":"https:\/\/apobible.net\/fr\/wp-json\/wp\/v2\/comments?post=5952"}],"version-history":[{"count":3,"href":"https:\/\/apobible.net\/fr\/wp-json\/wp\/v2\/pages\/5952\/revisions"}],"predecessor-version":[{"id":6297,"href":"https:\/\/apobible.net\/fr\/wp-json\/wp\/v2\/pages\/5952\/revisions\/6297"}],"wp:attachment":[{"href":"https:\/\/apobible.net\/fr\/wp-json\/wp\/v2\/media?parent=5952"}],"curies":[{"name":"wp","href":"https:\/\/api.w.org\/{rel}","templated":true}]}}