{"id":5526,"date":"2018-10-04T11:58:37","date_gmt":"2018-10-04T10:58:37","guid":{"rendered":"https:\/\/apobible.net\/de\/?page_id=5526"},"modified":"2024-07-23T08:33:16","modified_gmt":"2024-07-23T07:33:16","slug":"home","status":"publish","type":"page","link":"https:\/\/apobible.net\/fr\/accueil\/","title":{"rendered":"Start"},"content":{"rendered":"<div class=\"wpb-content-wrapper\"><p>[vc_row el_class=&#8221;intro_01&#8243;][vc_column width=&#8221;1\/4&#8243;][vc_column_text]<img fetchpriority=\"high\" decoding=\"async\" class=\"alignnone size-medium wp-image-5914\" src=\"https:\/\/apobible.net\/wp-content\/uploads\/2022\/04\/apobible-p-253x300.jpg\" alt=\"\" width=\"253\" height=\"300\" srcset=\"https:\/\/apobible.net\/wp-content\/uploads\/2022\/04\/apobible-p-253x300.jpg 253w, https:\/\/apobible.net\/wp-content\/uploads\/2022\/04\/apobible-p-600x713.jpg 600w, https:\/\/apobible.net\/wp-content\/uploads\/2022\/04\/apobible-p.jpg 800w, https:\/\/apobible.net\/wp-content\/uploads\/2022\/04\/apobible-p-253x300@2x.jpg 506w\" sizes=\"(max-width: 253px) 100vw, 253px\" \/>[\/vc_column_text][\/vc_column][vc_column width=&#8221;3\/4&#8243;][vc_column_text el_class=&#8221;introduction&#8221;]Le site ApoBible a \u00e9t\u00e9 cr\u00e9\u00e9 en vue de faire connaitre les proph\u00e9ties bibliques et en particulier celles de l\u2019Apocalypse. Le principe d\u2019interpr\u00e9tation consiste \u00e0 expliquer le texte envisag\u00e9 par d\u2019autres textes bibliques. Parmi tous les textes utilisant les m\u00eames mots ou portant les m\u00eames id\u00e9es il en est toujours un parfois plusieurs qui seront privil\u00e9gi\u00e9s parce qu\u2019ils sont parall\u00e8les \u00e0 plusieurs titres. Ils pr\u00e9sentent des convergences multiples avec le texte \u00e9tudi\u00e9.<\/p>\n<p>Les sujets de pr\u00e9dilection trait\u00e9s ici sont les livres de l\u2019Apocalypse de Jean et du proph\u00e8te Daniel et le th\u00e8me du sanctuaire c\u00e9leste. Ces \u00e9tudes font appel \u00e0 tous les textes bibliques canoniques comprenant le canon h\u00e9bra\u00efque de l\u2019ancien testament. Pour le nouveau testament sont retenus les 27 livres du canon chr\u00e9tien comme d\u00e9fini par les conciles de la fin du 4<sup>e<\/sup> si\u00e8cle.<\/p>\n<p>Nous ne saurions trop recommander une \u00e9tude personnelle des \u00c9critures. Tous les commentaires, y compris ceux que vous trouverez sur ce site, ne sauraient remplacer l\u2019appropriation personnelle des tr\u00e9sors qui y sont contenus. Le contenu de ce site vise \u00e0 \u00eatre une aide aux chercheurs en herbe et n\u2019a d\u2019autre pr\u00e9tention que sa sinc\u00e9rit\u00e9 de chercheur s\u2019adressant \u00e0 d\u2019autres chercheurs de v\u00e9rit\u00e9.[\/vc_column_text][\/vc_column][\/vc_row][vc_row type=&#8221;full_width_content&#8221; bg_image=&#8221;5749&#8243; bg_position=&#8221;center center&#8221; parallax_bg=&#8221;true&#8221; overlay=&#8221;true&#8221; overlay_color=&#8221;rgba(78,66,43,0.46)&#8221; bottom_padding=&#8221;0&#8243; class=&#8221;marg sec1 imheight&#8221;][vc_column][vc_custom_heading text=&#8221;&#8221; font_container=&#8221;tag:h1|font_size:98px|text_align:center|color:%23ffffff|line_height:20px&#8221; css_animation=&#8221;fadeInDown&#8221; css=&#8221;.vc_custom_1658936993196{padding-top: 100px !important;}&#8221;][\/vc_column][\/vc_row][vc_row parallax=&#8221;content-moving&#8221; parallax_image=&#8221;6141&#8243; class=&#8221;sec1 marg&#8221; el_class=&#8221;pardiv&#8221; css=&#8221;.vc_custom_1658936711236{padding-top: 80px !important;padding-bottom: 80px !important;}&#8221;][vc_column width=&#8221;1\/6&#8243;][\/vc_column][vc_column width=&#8221;1\/6&#8243;][vc_hoverbox image=&#8221;6095&#8243; primary_title=&#8221;Le livre de Daniel&#8221; hover_title=&#8221;Daniel&#8221; shape=&#8221;square&#8221; css_animation=&#8221;fadeInDown&#8221;]58 expos\u00e9s pour couvrir tout le livre de Daniel verset par verset, d\u00e9couvrez avec bonheur les tr\u00e9sors de ce livre remarquable de l\u2019Ancien Testament.<\/p>\n<p><a href=\"https:\/\/apobible.net\/fr\/daniel\/\">Cliquez ici<\/a>[\/vc_hoverbox][\/vc_column][vc_column width=&#8221;1\/6&#8243;][vc_hoverbox image=&#8221;6314&#8243; primary_title=&#8221;Le livre de l&#8217;Apocalypse&#8221; hover_title=&#8221;Apocalypse&#8221; shape=&#8221;square&#8221; css_animation=&#8221;fadeInDown&#8221;]L\u2019\u00e9tude pr\u00e9sent\u00e9e ici est sous forme de 95 expos\u00e9s. Apr\u00e8s une \u00e9tude de la structure du texte suit une \u00e9tude verset par verset sans en \u00e9viter un.<\/p>\n<p><a href=\"https:\/\/apobible.net\/fr\/apocalypse\/\">Cliquez ici<\/a>[\/vc_hoverbox][\/vc_column][vc_column width=&#8221;1\/6&#8243;][vc_hoverbox image=&#8221;5694&#8243; primary_title=&#8221;Le Sanctuaire&#8221; hover_title=&#8221;Sanctuaire&#8221; shape=&#8221;square&#8221; css_animation=&#8221;fadeInDown&#8221;]<a href=\"https:\/\/apobible.net\/fr\/sanctuaire\/\">Cliquez ici<\/a>[\/vc_hoverbox][\/vc_column][vc_column width=&#8221;1\/6&#8243;][vc_hoverbox image=&#8221;5711&#8243; primary_title=&#8221;Boutique&#8221; hover_title=&#8221;Boutique&#8221; shape=&#8221;square&#8221; css_animation=&#8221;fadeInDown&#8221;]D\u00e9couvrez sur notre boutique les DVDs et CD MP3<\/p>\n<p><a href=\"https:\/\/apobible.net\/fr\/boutique\/\">Cliquez ici<\/a>[\/vc_hoverbox][\/vc_column][vc_column width=&#8221;1\/6&#8243;][\/vc_column][\/vc_row][vc_row el_class=&#8221;start-page-home&#8221;][vc_column][vc_widget_sidebar sidebar_id=&#8221;sidebar-7&#8243;][\/vc_column][\/vc_row]<\/p>\n<\/div>","protected":false},"excerpt":{"rendered":"<p>[vc_row el_class=&#8221;intro_01&#8243;][vc_column width=&#8221;1\/4&#8243;][vc_column_text][\/vc_column_text][\/vc_column][vc_column width=&#8221;3\/4&#8243;][vc_column_text el_class=&#8221;introduction&#8221;]Le site ApoBible a \u00e9t\u00e9 cr\u00e9\u00e9 en vue de faire connaitre les proph\u00e9ties bibliques et en particulier celles de l\u2019Apocalypse. Le principe d\u2019interpr\u00e9tation consiste \u00e0 expliquer le texte envisag\u00e9 par d\u2019autres textes bibliques. Parmi tous les textes utilisant les m\u00eames mots ou portant les m\u00eames id\u00e9es il en est toujours un [&hellip;]<\/p>\n","protected":false},"author":2,"featured_media":0,"parent":0,"menu_order":0,"comment_status":"closed","ping_status":"closed","template":"","meta":{"footnotes":""},"class_list":["post-5526","page","type-page","status-publish","hentry"],"yoast_head":"<!-- This site is optimized with the Yoast SEO plugin v27.5 - https:\/\/yoast.com\/product\/yoast-seo-wordpress\/ -->\n<title>Start - ApoBible<\/title>\n<meta name=\"robots\" content=\"index, follow, max-snippet:-1, max-image-preview:large, max-video-preview:-1\" \/>\n<link rel=\"canonical\" href=\"https:\/\/apobible.net\/fr\/start\/\" \/>\n<meta property=\"og:locale\" content=\"fr_FR\" \/>\n<meta property=\"og:type\" content=\"article\" \/>\n<meta property=\"og:title\" content=\"Start - ApoBible\" \/>\n<meta property=\"og:description\" content=\"[vc_row el_class=&#8221;intro_01&#8243;][vc_column width=&#8221;1\/4&#8243;][vc_column_text][\/vc_column_text][\/vc_column][vc_column width=&#8221;3\/4&#8243;][vc_column_text el_class=&#8221;introduction&#8221;]Le site ApoBible a \u00e9t\u00e9 cr\u00e9\u00e9 en vue de faire connaitre les proph\u00e9ties bibliques et en particulier celles de l\u2019Apocalypse. Le principe d\u2019interpr\u00e9tation consiste \u00e0 expliquer le texte envisag\u00e9 par d\u2019autres textes bibliques. Parmi tous les textes utilisant les m\u00eames mots ou portant les m\u00eames id\u00e9es il en est toujours un [&hellip;]\" \/>\n<meta property=\"og:url\" content=\"https:\/\/apobible.net\/fr\/start\/\" \/>\n<meta property=\"og:site_name\" content=\"ApoBible\" \/>\n<meta property=\"article:modified_time\" content=\"2024-07-23T07:33:16+00:00\" \/>\n<meta property=\"og:image\" content=\"https:\/\/apobible.net\/wp-content\/uploads\/2022\/04\/apobible-p-253x300.jpg\" \/>\n<meta name=\"twitter:card\" content=\"summary_large_image\" \/>\n<meta name=\"twitter:label1\" content=\"Dur\u00e9e de lecture estim\u00e9e\" \/>\n\t<meta name=\"twitter:data1\" content=\"3 minutes\" \/>\n<script type=\"application\/ld+json\" class=\"yoast-schema-graph\">{\"@context\":\"https:\\\/\\\/schema.org\",\"@graph\":[{\"@type\":\"WebPage\",\"@id\":\"https:\\\/\\\/apobible.net\\\/fr\\\/start\\\/\",\"url\":\"https:\\\/\\\/apobible.net\\\/fr\\\/start\\\/\",\"name\":\"Start - ApoBible\",\"isPartOf\":{\"@id\":\"https:\\\/\\\/apobible.net\\\/fr\\\/#website\"},\"primaryImageOfPage\":{\"@id\":\"https:\\\/\\\/apobible.net\\\/fr\\\/start\\\/#primaryimage\"},\"image\":{\"@id\":\"https:\\\/\\\/apobible.net\\\/de\\\/start\\\/#primaryimage\"},\"thumbnailUrl\":\"https:\\\/\\\/apobible.net\\\/wp-content\\\/uploads\\\/2022\\\/04\\\/apobible-p-253x300.jpg\",\"datePublished\":\"2018-10-04T10:58:37+00:00\",\"dateModified\":\"2024-07-23T07:33:16+00:00\",\"breadcrumb\":{\"@id\":\"https:\\\/\\\/apobible.net\\\/fr\\\/start\\\/#breadcrumb\"},\"inLanguage\":\"fr-FR\",\"potentialAction\":[{\"@type\":\"ReadAction\",\"target\":[[\"https:\\\/\\\/apobible.net\\\/fr\\\/start\\\/\"]]}]},{\"@type\":\"ImageObject\",\"inLanguage\":\"fr-FR\",\"@id\":\"https:\\\/\\\/apobible.net\\\/fr\\\/start\\\/#primaryimage\",\"url\":\"https:\\\/\\\/apobible.net\\\/wp-content\\\/uploads\\\/2022\\\/04\\\/apobible-p-253x300.jpg\",\"contentUrl\":\"https:\\\/\\\/apobible.net\\\/wp-content\\\/uploads\\\/2022\\\/04\\\/apobible-p-253x300.jpg\"},{\"@type\":\"BreadcrumbList\",\"@id\":\"https:\\\/\\\/apobible.net\\\/fr\\\/start\\\/#breadcrumb\",\"itemListElement\":[{\"@type\":\"ListItem\",\"position\":1,\"name\":\"Startseite\",\"item\":\"https:\\\/\\\/apobible.net\\\/fr\\\/\"},{\"@type\":\"ListItem\",\"position\":2,\"name\":\"Start\"}]},{\"@type\":\"WebSite\",\"@id\":\"https:\\\/\\\/apobible.net\\\/fr\\\/#website\",\"url\":\"https:\\\/\\\/apobible.net\\\/fr\\\/\",\"name\":\"ApoBible\",\"description\":\"Prophecy in the Bibel - Apocalypse &amp; Daniel\",\"potentialAction\":[{\"@type\":\"SearchAction\",\"target\":{\"@type\":\"EntryPoint\",\"urlTemplate\":\"https:\\\/\\\/apobible.net\\\/fr\\\/?s={search_term_string}\"},\"query-input\":{\"@type\":\"PropertyValueSpecification\",\"valueRequired\":true,\"valueName\":\"search_term_string\"}}],\"inLanguage\":\"fr-FR\"}]}<\/script>\n<!-- \/ Yoast SEO plugin. -->","yoast_head_json":{"title":"Start - ApoBible","robots":{"index":"index","follow":"follow","max-snippet":"max-snippet:-1","max-image-preview":"max-image-preview:large","max-video-preview":"max-video-preview:-1"},"canonical":"https:\/\/apobible.net\/fr\/start\/","og_locale":"fr_FR","og_type":"article","og_title":"Start - ApoBible","og_description":"[vc_row el_class=&#8221;intro_01&#8243;][vc_column width=&#8221;1\/4&#8243;][vc_column_text][\/vc_column_text][\/vc_column][vc_column width=&#8221;3\/4&#8243;][vc_column_text el_class=&#8221;introduction&#8221;]Le site ApoBible a \u00e9t\u00e9 cr\u00e9\u00e9 en vue de faire connaitre les proph\u00e9ties bibliques et en particulier celles de l\u2019Apocalypse. Le principe d\u2019interpr\u00e9tation consiste \u00e0 expliquer le texte envisag\u00e9 par d\u2019autres textes bibliques. Parmi tous les textes utilisant les m\u00eames mots ou portant les m\u00eames id\u00e9es il en est toujours un [&hellip;]","og_url":"https:\/\/apobible.net\/fr\/start\/","og_site_name":"ApoBible","article_modified_time":"2024-07-23T07:33:16+00:00","og_image":[{"url":"https:\/\/apobible.net\/wp-content\/uploads\/2022\/04\/apobible-p-253x300.jpg","type":"","width":"","height":""}],"twitter_card":"summary_large_image","twitter_misc":{"Dur\u00e9e de lecture estim\u00e9e":"3 minutes"},"schema":{"@context":"https:\/\/schema.org","@graph":[{"@type":"WebPage","@id":"https:\/\/apobible.net\/fr\/start\/","url":"https:\/\/apobible.net\/fr\/start\/","name":"Start - ApoBible","isPartOf":{"@id":"https:\/\/apobible.net\/fr\/#website"},"primaryImageOfPage":{"@id":"https:\/\/apobible.net\/fr\/start\/#primaryimage"},"image":{"@id":"https:\/\/apobible.net\/de\/start\/#primaryimage"},"thumbnailUrl":"https:\/\/apobible.net\/wp-content\/uploads\/2022\/04\/apobible-p-253x300.jpg","datePublished":"2018-10-04T10:58:37+00:00","dateModified":"2024-07-23T07:33:16+00:00","breadcrumb":{"@id":"https:\/\/apobible.net\/fr\/start\/#breadcrumb"},"inLanguage":"fr-FR","potentialAction":[{"@type":"ReadAction","target":[["https:\/\/apobible.net\/fr\/start\/"]]}]},{"@type":"ImageObject","inLanguage":"fr-FR","@id":"https:\/\/apobible.net\/fr\/start\/#primaryimage","url":"https:\/\/apobible.net\/wp-content\/uploads\/2022\/04\/apobible-p-253x300.jpg","contentUrl":"https:\/\/apobible.net\/wp-content\/uploads\/2022\/04\/apobible-p-253x300.jpg"},{"@type":"BreadcrumbList","@id":"https:\/\/apobible.net\/fr\/start\/#breadcrumb","itemListElement":[{"@type":"ListItem","position":1,"name":"Startseite","item":"https:\/\/apobible.net\/fr\/"},{"@type":"ListItem","position":2,"name":"Start"}]},{"@type":"WebSite","@id":"https:\/\/apobible.net\/fr\/#website","url":"https:\/\/apobible.net\/fr\/","name":"ApoBible","description":"Prophecy in the Bibel - Apocalypse &amp; Daniel","potentialAction":[{"@type":"SearchAction","target":{"@type":"EntryPoint","urlTemplate":"https:\/\/apobible.net\/fr\/?s={search_term_string}"},"query-input":{"@type":"PropertyValueSpecification","valueRequired":true,"valueName":"search_term_string"}}],"inLanguage":"fr-FR"}]}},"_links":{"self":[{"href":"https:\/\/apobible.net\/fr\/wp-json\/wp\/v2\/pages\/5526","targetHints":{"allow":["GET"]}}],"collection":[{"href":"https:\/\/apobible.net\/fr\/wp-json\/wp\/v2\/pages"}],"about":[{"href":"https:\/\/apobible.net\/fr\/wp-json\/wp\/v2\/types\/page"}],"author":[{"embeddable":true,"href":"https:\/\/apobible.net\/fr\/wp-json\/wp\/v2\/users\/2"}],"replies":[{"embeddable":true,"href":"https:\/\/apobible.net\/fr\/wp-json\/wp\/v2\/comments?post=5526"}],"version-history":[{"count":5,"href":"https:\/\/apobible.net\/fr\/wp-json\/wp\/v2\/pages\/5526\/revisions"}],"predecessor-version":[{"id":6472,"href":"https:\/\/apobible.net\/fr\/wp-json\/wp\/v2\/pages\/5526\/revisions\/6472"}],"wp:attachment":[{"href":"https:\/\/apobible.net\/fr\/wp-json\/wp\/v2\/media?parent=5526"}],"curies":[{"name":"wp","href":"https:\/\/api.w.org\/{rel}","templated":true}]}}