{"id":5932,"date":"2022-06-20T16:08:04","date_gmt":"2022-06-20T15:08:04","guid":{"rendered":"https:\/\/apobible.net\/de\/?post_type=product&#038;p=5932"},"modified":"2022-06-20T16:39:46","modified_gmt":"2022-06-20T15:39:46","slug":"daniel-le-prophete","status":"publish","type":"product","link":"https:\/\/apobible.net\/en\/produkt\/daniel-le-prophete-dvd\/","title":{"rendered":"Daniel &#8211; Le proph\u00e8te &#8211; DVD"},"content":{"rendered":"","protected":false},"excerpt":{"rendered":"<p class=\"qtranxs-available-languages-message qtranxs-available-languages-message-en\">Sorry, this entry is only available in <a href=\"https:\/\/apobible.net\/fr\/wp-json\/wp\/v2\/product\/5932\" class=\"qtranxs-available-language-link qtranxs-available-language-link-fr\" title=\"Fran\u00e7ais\">Fran\u00e7ais<\/a>.<\/p>\n","protected":false},"featured_media":5929,"template":"","meta":[],"product_brand":[],"product_cat":[44],"product_tag":[],"class_list":{"0":"post-5932","1":"product","2":"type-product","3":"status-publish","4":"has-post-thumbnail","6":"product_cat-dvd","8":"first","9":"instock","10":"shipping-taxable","11":"purchasable","12":"product-type-simple"},"yoast_head":"<!-- This site is optimized with the Yoast SEO plugin v27.5 - https:\/\/yoast.com\/product\/yoast-seo-wordpress\/ -->\n<title>Daniel - Le proph\u00e8te - DVD - ApoBible<\/title>\n<meta name=\"robots\" content=\"index, follow, max-snippet:-1, max-image-preview:large, max-video-preview:-1\" \/>\n<link rel=\"canonical\" href=\"https:\/\/apobible.net\/en\/produkt\/daniel-le-prophete-dvd\/\" \/>\n<meta property=\"og:locale\" content=\"en_US\" \/>\n<meta property=\"og:type\" content=\"article\" \/>\n<meta property=\"og:title\" content=\"Daniel - Le proph\u00e8te - DVD - ApoBible\" \/>\n<meta property=\"og:description\" content=\"(Fran\u00e7ais) Ces 58 conf\u00e9rences ont \u00e9t\u00e9 enregistr\u00e9es \u00e0 Bruxelles en public. Elles constituent une \u00e9tude suivie verset par verset du livre de Daniel. M\u00eame les passages r\u00e9put\u00e9s les plus difficiles, obscurs ou controvers\u00e9s ne sont pas \u00e9vit\u00e9s. Parfois l\u2019interpr\u00e9tation ne manque pas d\u2019audace, toujours dans le respect du texte et des approches diff\u00e9rentes.  Les forces spirituelles du bien et du mal s\u2019affrontent au-dessus de nous et en nous. Daniel nous fait comprendre que nous n\u2019avons pas \u00e0 lutter contre les puissances terrestres mais, dans la pri\u00e8re, contre les forces du grand ennemi de toujours, comme l\u2019enseignera Paul six si\u00e8cles plus tard. Les visions de Daniel sont des feuilles de route pour le peuple de Dieu d\u00e9taillant certains moments significatifs et reconnaissables de l\u2019histoire et sautant des si\u00e8cles entiers pour arriver au temps de la fin. C\u2019est une guerre au Moyen-Orient qui sera le dernier jalon de l\u2019histoire de notre terre.  La r\u00e9daction de ces proph\u00e9ties par Daniel, un h\u00e9breu captif de N\u00e9bucadnetsar, a \u00e9t\u00e9 remise en question. Non seulement J\u00e9sus s\u2019est appuy\u00e9 sur ces proph\u00e9ties pour avancer les siennes, mais l\u2019arch\u00e9ologie et une meilleure connaissance des textes anciens sont venues r\u00e9habiliter ce livre proph\u00e9tique hors du commun et son auteur, nous donnant d\u2019autant plus d\u2019assurance quant \u00e0 la compr\u00e9hension et au d\u00e9roulement des \u00e9v\u00e9nements annonc\u00e9s.  L\u2019\u00e9tude de ce livre vieux de 26 si\u00e8cles peut nous apporter beaucoup de joies mais surtout peut renouveler en profondeur notre pens\u00e9e sur le r\u00f4le de Christ comme sacrificateur dans le sanctuaire c\u00e9leste et, associ\u00e9 \u00e0 l\u2019Apocalypse, \u00e9clairer d\u2019un jour nouveau la m\u00e9canique du salut qui est en J\u00e9sus-Christ.  DVD: Fran\u00e7ais, 16:9, 6 x DVD, 58 Vid\u00e9o x 28 min\" \/>\n<meta property=\"og:url\" content=\"https:\/\/apobible.net\/en\/produkt\/daniel-le-prophete-dvd\/\" \/>\n<meta property=\"og:site_name\" content=\"ApoBible\" \/>\n<meta property=\"article:modified_time\" content=\"2022-06-20T15:39:46+00:00\" \/>\n<meta property=\"og:image\" content=\"https:\/\/apobible.net\/wp-content\/uploads\/2022\/06\/Daniel-DVD.jpg\" \/>\n\t<meta property=\"og:image:width\" content=\"600\" \/>\n\t<meta property=\"og:image:height\" content=\"853\" \/>\n\t<meta property=\"og:image:type\" content=\"image\/jpeg\" \/>\n<meta name=\"twitter:card\" content=\"summary_large_image\" \/>\n<script type=\"application\/ld+json\" class=\"yoast-schema-graph\">{\"@context\":\"https:\\\/\\\/schema.org\",\"@graph\":[{\"@type\":\"WebPage\",\"@id\":\"https:\\\/\\\/apobible.net\\\/en\\\/produkt\\\/daniel-le-prophete-dvd\\\/\",\"url\":\"https:\\\/\\\/apobible.net\\\/en\\\/produkt\\\/daniel-le-prophete-dvd\\\/\",\"name\":\"Daniel - Le proph\u00e8te - DVD - ApoBible\",\"isPartOf\":{\"@id\":\"https:\\\/\\\/apobible.net\\\/en\\\/#website\"},\"primaryImageOfPage\":{\"@id\":\"https:\\\/\\\/apobible.net\\\/en\\\/produkt\\\/daniel-le-prophete-dvd\\\/#primaryimage\"},\"image\":{\"@id\":\"https:\\\/\\\/apobible.net\\\/de\\\/produkt\\\/daniel-le-prophete-dvd\\\/#primaryimage\"},\"thumbnailUrl\":\"https:\\\/\\\/apobible.net\\\/wp-content\\\/uploads\\\/2022\\\/06\\\/Daniel-DVD.jpg\",\"datePublished\":\"2022-06-20T15:08:04+00:00\",\"dateModified\":\"2022-06-20T15:39:46+00:00\",\"breadcrumb\":{\"@id\":\"https:\\\/\\\/apobible.net\\\/en\\\/produkt\\\/daniel-le-prophete-dvd\\\/#breadcrumb\"},\"inLanguage\":\"en-US\",\"potentialAction\":[{\"@type\":\"ReadAction\",\"target\":[[\"https:\\\/\\\/apobible.net\\\/en\\\/produkt\\\/daniel-le-prophete-dvd\\\/\"]]}]},{\"@type\":\"ImageObject\",\"inLanguage\":\"en-US\",\"@id\":\"https:\\\/\\\/apobible.net\\\/en\\\/produkt\\\/daniel-le-prophete-dvd\\\/#primaryimage\",\"url\":\"https:\\\/\\\/apobible.net\\\/wp-content\\\/uploads\\\/2022\\\/06\\\/Daniel-DVD.jpg\",\"contentUrl\":\"https:\\\/\\\/apobible.net\\\/wp-content\\\/uploads\\\/2022\\\/06\\\/Daniel-DVD.jpg\",\"width\":600,\"height\":853},{\"@type\":\"BreadcrumbList\",\"@id\":\"https:\\\/\\\/apobible.net\\\/en\\\/produkt\\\/daniel-le-prophete-dvd\\\/#breadcrumb\",\"itemListElement\":[{\"@type\":\"ListItem\",\"position\":1,\"name\":\"Startseite\",\"item\":\"https:\\\/\\\/apobible.net\\\/en\\\/\"},{\"@type\":\"ListItem\",\"position\":2,\"name\":\"Products\",\"item\":\"https:\\\/\\\/apobible.net\\\/en\\\/shop\\\/\"},{\"@type\":\"ListItem\",\"position\":3,\"name\":\"Daniel &#8211; Le proph\u00e8te &#8211; DVD\"}]},{\"@type\":\"WebSite\",\"@id\":\"https:\\\/\\\/apobible.net\\\/en\\\/#website\",\"url\":\"https:\\\/\\\/apobible.net\\\/en\\\/\",\"name\":\"ApoBible\",\"description\":\"Prophecy in the Bibel - Apocalypse &amp; Daniel\",\"potentialAction\":[{\"@type\":\"SearchAction\",\"target\":{\"@type\":\"EntryPoint\",\"urlTemplate\":\"https:\\\/\\\/apobible.net\\\/en\\\/?s={search_term_string}\"},\"query-input\":{\"@type\":\"PropertyValueSpecification\",\"valueRequired\":true,\"valueName\":\"search_term_string\"}}],\"inLanguage\":\"en-US\"}]}<\/script>\n<!-- \/ Yoast SEO plugin. -->","yoast_head_json":{"title":"Daniel - Le proph\u00e8te - DVD - ApoBible","robots":{"index":"index","follow":"follow","max-snippet":"max-snippet:-1","max-image-preview":"max-image-preview:large","max-video-preview":"max-video-preview:-1"},"canonical":"https:\/\/apobible.net\/en\/produkt\/daniel-le-prophete-dvd\/","og_locale":"en_US","og_type":"article","og_title":"Daniel - Le proph\u00e8te - DVD - ApoBible","og_description":"(Fran\u00e7ais) Ces 58 conf\u00e9rences ont \u00e9t\u00e9 enregistr\u00e9es \u00e0 Bruxelles en public. Elles constituent une \u00e9tude suivie verset par verset du livre de Daniel. M\u00eame les passages r\u00e9put\u00e9s les plus difficiles, obscurs ou controvers\u00e9s ne sont pas \u00e9vit\u00e9s. Parfois l\u2019interpr\u00e9tation ne manque pas d\u2019audace, toujours dans le respect du texte et des approches diff\u00e9rentes.  Les forces spirituelles du bien et du mal s\u2019affrontent au-dessus de nous et en nous. Daniel nous fait comprendre que nous n\u2019avons pas \u00e0 lutter contre les puissances terrestres mais, dans la pri\u00e8re, contre les forces du grand ennemi de toujours, comme l\u2019enseignera Paul six si\u00e8cles plus tard. Les visions de Daniel sont des feuilles de route pour le peuple de Dieu d\u00e9taillant certains moments significatifs et reconnaissables de l\u2019histoire et sautant des si\u00e8cles entiers pour arriver au temps de la fin. C\u2019est une guerre au Moyen-Orient qui sera le dernier jalon de l\u2019histoire de notre terre.  La r\u00e9daction de ces proph\u00e9ties par Daniel, un h\u00e9breu captif de N\u00e9bucadnetsar, a \u00e9t\u00e9 remise en question. Non seulement J\u00e9sus s\u2019est appuy\u00e9 sur ces proph\u00e9ties pour avancer les siennes, mais l\u2019arch\u00e9ologie et une meilleure connaissance des textes anciens sont venues r\u00e9habiliter ce livre proph\u00e9tique hors du commun et son auteur, nous donnant d\u2019autant plus d\u2019assurance quant \u00e0 la compr\u00e9hension et au d\u00e9roulement des \u00e9v\u00e9nements annonc\u00e9s.  L\u2019\u00e9tude de ce livre vieux de 26 si\u00e8cles peut nous apporter beaucoup de joies mais surtout peut renouveler en profondeur notre pens\u00e9e sur le r\u00f4le de Christ comme sacrificateur dans le sanctuaire c\u00e9leste et, associ\u00e9 \u00e0 l\u2019Apocalypse, \u00e9clairer d\u2019un jour nouveau la m\u00e9canique du salut qui est en J\u00e9sus-Christ.  DVD: Fran\u00e7ais, 16:9, 6 x DVD, 58 Vid\u00e9o x 28 min","og_url":"https:\/\/apobible.net\/en\/produkt\/daniel-le-prophete-dvd\/","og_site_name":"ApoBible","article_modified_time":"2022-06-20T15:39:46+00:00","og_image":[{"width":600,"height":853,"url":"https:\/\/apobible.net\/wp-content\/uploads\/2022\/06\/Daniel-DVD.jpg","type":"image\/jpeg"}],"twitter_card":"summary_large_image","schema":{"@context":"https:\/\/schema.org","@graph":[{"@type":"WebPage","@id":"https:\/\/apobible.net\/en\/produkt\/daniel-le-prophete-dvd\/","url":"https:\/\/apobible.net\/en\/produkt\/daniel-le-prophete-dvd\/","name":"Daniel - Le proph\u00e8te - DVD - ApoBible","isPartOf":{"@id":"https:\/\/apobible.net\/en\/#website"},"primaryImageOfPage":{"@id":"https:\/\/apobible.net\/en\/produkt\/daniel-le-prophete-dvd\/#primaryimage"},"image":{"@id":"https:\/\/apobible.net\/de\/produkt\/daniel-le-prophete-dvd\/#primaryimage"},"thumbnailUrl":"https:\/\/apobible.net\/wp-content\/uploads\/2022\/06\/Daniel-DVD.jpg","datePublished":"2022-06-20T15:08:04+00:00","dateModified":"2022-06-20T15:39:46+00:00","breadcrumb":{"@id":"https:\/\/apobible.net\/en\/produkt\/daniel-le-prophete-dvd\/#breadcrumb"},"inLanguage":"en-US","potentialAction":[{"@type":"ReadAction","target":[["https:\/\/apobible.net\/en\/produkt\/daniel-le-prophete-dvd\/"]]}]},{"@type":"ImageObject","inLanguage":"en-US","@id":"https:\/\/apobible.net\/en\/produkt\/daniel-le-prophete-dvd\/#primaryimage","url":"https:\/\/apobible.net\/wp-content\/uploads\/2022\/06\/Daniel-DVD.jpg","contentUrl":"https:\/\/apobible.net\/wp-content\/uploads\/2022\/06\/Daniel-DVD.jpg","width":600,"height":853},{"@type":"BreadcrumbList","@id":"https:\/\/apobible.net\/en\/produkt\/daniel-le-prophete-dvd\/#breadcrumb","itemListElement":[{"@type":"ListItem","position":1,"name":"Startseite","item":"https:\/\/apobible.net\/en\/"},{"@type":"ListItem","position":2,"name":"Products","item":"https:\/\/apobible.net\/en\/shop\/"},{"@type":"ListItem","position":3,"name":"Daniel &#8211; Le proph\u00e8te &#8211; DVD"}]},{"@type":"WebSite","@id":"https:\/\/apobible.net\/en\/#website","url":"https:\/\/apobible.net\/en\/","name":"ApoBible","description":"Prophecy in the Bibel - Apocalypse &amp; Daniel","potentialAction":[{"@type":"SearchAction","target":{"@type":"EntryPoint","urlTemplate":"https:\/\/apobible.net\/en\/?s={search_term_string}"},"query-input":{"@type":"PropertyValueSpecification","valueRequired":true,"valueName":"search_term_string"}}],"inLanguage":"en-US"}]}},"_links":{"self":[{"href":"https:\/\/apobible.net\/en\/wp-json\/wp\/v2\/product\/5932","targetHints":{"allow":["GET"]}}],"collection":[{"href":"https:\/\/apobible.net\/en\/wp-json\/wp\/v2\/product"}],"about":[{"href":"https:\/\/apobible.net\/en\/wp-json\/wp\/v2\/types\/product"}],"wp:featuredmedia":[{"embeddable":true,"href":"https:\/\/apobible.net\/en\/wp-json\/wp\/v2\/media\/5929"}],"wp:attachment":[{"href":"https:\/\/apobible.net\/en\/wp-json\/wp\/v2\/media?parent=5932"}],"wp:term":[{"taxonomy":"product_brand","embeddable":true,"href":"https:\/\/apobible.net\/en\/wp-json\/wp\/v2\/product_brand?post=5932"},{"taxonomy":"product_cat","embeddable":true,"href":"https:\/\/apobible.net\/en\/wp-json\/wp\/v2\/product_cat?post=5932"},{"taxonomy":"product_tag","embeddable":true,"href":"https:\/\/apobible.net\/en\/wp-json\/wp\/v2\/product_tag?post=5932"}],"curies":[{"name":"wp","href":"https:\/\/api.w.org\/{rel}","templated":true}]}}