{"id":5526,"date":"2018-10-04T11:58:37","date_gmt":"2018-10-04T10:58:37","guid":{"rendered":"https:\/\/apobible.net\/de\/?page_id=5526"},"modified":"2024-07-23T08:33:16","modified_gmt":"2024-07-23T07:33:16","slug":"home","status":"publish","type":"page","link":"https:\/\/apobible.net\/de\/start\/","title":{"rendered":"Start"},"content":{"rendered":"<div class=\"wpb-content-wrapper\"><p>[vc_row el_class=&#8221;intro_01&#8243;][vc_column width=&#8221;1\/4&#8243;][vc_column_text]<img fetchpriority=\"high\" decoding=\"async\" class=\"alignnone size-medium wp-image-5914\" src=\"https:\/\/apobible.net\/wp-content\/uploads\/2022\/04\/apobible-p-253x300.jpg\" alt=\"\" width=\"253\" height=\"300\" srcset=\"https:\/\/apobible.net\/wp-content\/uploads\/2022\/04\/apobible-p-253x300.jpg 253w, https:\/\/apobible.net\/wp-content\/uploads\/2022\/04\/apobible-p-600x713.jpg 600w, https:\/\/apobible.net\/wp-content\/uploads\/2022\/04\/apobible-p.jpg 800w, https:\/\/apobible.net\/wp-content\/uploads\/2022\/04\/apobible-p-253x300@2x.jpg 506w\" sizes=\"(max-width: 253px) 100vw, 253px\" \/>[\/vc_column_text][\/vc_column][vc_column width=&#8221;3\/4&#8243;][vc_column_text el_class=&#8221;introduction&#8221;]Die Website ApoBible wurde mit dem Ziel erstellt, die biblischen Prophezeiungen, insbesondere die der Offenbarung, bekannter zu machen. Das Prinzip der Auslegung besteht darin, den betreffenden Text durch andere biblische Texte zu erkl\u00e4ren. Unter allen Texten, die dieselben W\u00f6rter verwenden oder dieselben Gedanken tragen, gibt es immer einen oder mehrere, die bevorzugt werden, weil sie in vielerlei Hinsicht parallel sind. Sie weisen vielf\u00e4ltige \u00dcbereinstimmungen mit dem zu untersuchenden Text auf.<\/p>\n<p>Die bevorzugten Themen, die hier behandelt werden, sind die B\u00fccher der Offenbarung des Johannes und des Propheten Daniel sowie das Thema des himmlischen Heiligtums. Die Studien beziehen sich auf alle kanonischen Bibeltexte, einschlie\u00dflich des hebr\u00e4ischen Kanons des Alten Testaments. F\u00fcr das Neue Testament werden die 27 B\u00fccher des christlichen Kanons herangezogen, wie er von den Konzilien des sp\u00e4ten vierten Jahrhunderts festgelegt wurde.<\/p>\n<p>Wir k\u00f6nnen ein pers\u00f6nliches Studium der Heiligen Schriften nicht genug empfehlen. Alle Kommentare, einschlie\u00dflich derer, die Sie auf dieser Website finden, k\u00f6nnen die pers\u00f6nliche Aneignung der darin enthaltenen Sch\u00e4tze nicht ersetzen. Der Inhalt dieser Seite soll eine Hilfe f\u00fcr angehende Forscher sein und erhebt keinen anderen Anspruch als seine Aufrichtigkeit als Forscher, der sich an andere Wahrheitssucher wendet.[\/vc_column_text][\/vc_column][\/vc_row][vc_row disable_element=&#8221;yes&#8221; type=&#8221;full_width_content&#8221; bg_image=&#8221;5749&#8243; bg_position=&#8221;center center&#8221; parallax_bg=&#8221;true&#8221; overlay=&#8221;true&#8221; overlay_color=&#8221;rgba(78,66,43,0.46)&#8221; bottom_padding=&#8221;0&#8243; class=&#8221;marg sec1 imheight&#8221; css=&#8221;.vc_custom_1672311497994{background-image: url(https:\/\/apobible.net\/wp-content\/uploads\/2022\/03\/background_01.jpg?id=5749) !important;}&#8221;][vc_column][vc_custom_heading text=&#8221;&#8221; font_container=&#8221;tag:h1|font_size:98px|text_align:center|color:%23ffffff|line_height:20px&#8221; css_animation=&#8221;fadeInDown&#8221; css=&#8221;.vc_custom_1658936993196{padding-top: 100px !important;}&#8221;][\/vc_column][\/vc_row][vc_row parallax=&#8221;content-moving&#8221; parallax_image=&#8221;6141&#8243; class=&#8221;sec1 marg&#8221; el_class=&#8221;pardiv&#8221; css=&#8221;.vc_custom_1699306264339{padding-top: 80px !important;padding-bottom: 80px !important;}&#8221;][vc_column width=&#8221;1\/5&#8243;][\/vc_column][vc_column width=&#8221;1\/5&#8243;][\/vc_column][vc_column width=&#8221;1\/5&#8243;][vc_hoverbox image=&#8221;6314&#8243; primary_title=&#8221;Das Buch der Offenbarung&#8221; hover_title=&#8221;Offenbarung&#8221; shape=&#8221;square&#8221; css_animation=&#8221;fadeInDown&#8221;]Die hier vorgestellte Studie besteht aus 95 Vorlesungen. Nach einer Untersuchung der Struktur des Textes folgt eine versenweise Untersuchung, wobei kein Vers ausgelassen wird.<\/p>\n<p><a href=\"https:\/\/apobible.net\/de\/offenbarung\/\">HIER KLICKEN<\/a>[\/vc_hoverbox][\/vc_column][vc_column width=&#8221;1\/5&#8243;][\/vc_column][vc_column width=&#8221;1\/5&#8243;][\/vc_column][\/vc_row][vc_row parallax=&#8221;content-moving&#8221; parallax_image=&#8221;6141&#8243; disable_element=&#8221;yes&#8221; class=&#8221;sec1 marg&#8221; el_class=&#8221;pardiv&#8221; css=&#8221;.vc_custom_1672311493738{padding-top: 80px !important;padding-bottom: 80px !important;}&#8221;][vc_column width=&#8221;1\/6&#8243;][\/vc_column][vc_column width=&#8221;1\/6&#8243;][vc_hoverbox image=&#8221;6078&#8243; primary_title=&#8221;Daniel&#8221; hover_title=&#8221;Daniel&#8221; shape=&#8221;square&#8221; css_animation=&#8221;fadeInDown&#8221;]58 expos\u00e9s pour couvrir tout le livre de Daniel verset par verset, dont les 3 premiers sur le contexte historique de la d\u00e9portation de Daniel et de ses compagnons. Il est mis en \u00e9vidence de nombreux liens avec l\u2019Apocalypse mais aussi avec d\u2019autres livres proph\u00e9tique ou m\u00eame les discours proph\u00e9tiques de J\u00e9sus. D\u00e9couvrez avec bonheur les tr\u00e9sors de ce livre remarquable de l\u2019Ancien Testament.<\/p>\n<p><a href=\"#\">Cliquez ici<\/a>[\/vc_hoverbox][\/vc_column][vc_column width=&#8221;1\/6&#8243;][vc_hoverbox image=&#8221;5639&#8243; primary_title=&#8221;Apocalypse&#8221; hover_title=&#8221;Apocalypse&#8221; shape=&#8221;square&#8221; css_animation=&#8221;fadeInDown&#8221;]L\u2019\u00e9tude pr\u00e9sent\u00e9e ici est sous forme de 95 expos\u00e9s. Apr\u00e8s une \u00e9tude de la structure du texte suit une \u00e9tude verset par verset sans en \u00e9viter un. L\u2019objectif est de comprendre le texte mais aussi de le mettre en parall\u00e8le avec d\u2019autres textes similaires pour mettre en lumi\u00e8re un r\u00e9seau de v\u00e9rit\u00e9s interd\u00e9pendantes. Chaque fois qu\u2019il sera jug\u00e9 n\u00e9cessaire il sera fait appel \u00e0 des donn\u00e9es historiques, arch\u00e9ologiques ou autres. Bon vent sur ce chemin de d\u00e9couvertes.<\/p>\n<p><a href=\"https:\/\/apobible.net\/fr\/apocalypse\/\">Cliquez ici<\/a>[\/vc_hoverbox][\/vc_column][vc_column width=&#8221;1\/6&#8243;][vc_hoverbox image=&#8221;5694&#8243; primary_title=&#8221;Sanctuaire&#8221; hover_title=&#8221;Sanctuaire&#8221; shape=&#8221;square&#8221; css_animation=&#8221;fadeInDown&#8221;]Click edit button to change this text. Lorem ipsum dolor sit amet, consectetur adipiscing elit. Ut elit tellus, luctus nec ullamcorper mattis,<\/p>\n<p><a href=\"#\">pulvinar dapibus leo.<\/a>[\/vc_hoverbox][\/vc_column][vc_column width=&#8221;1\/6&#8243;][vc_hoverbox image=&#8221;5711&#8243; primary_title=&#8221;Boutique&#8221; hover_title=&#8221;Boutique&#8221; shape=&#8221;square&#8221; css_animation=&#8221;fadeInDown&#8221;]Click edit button to change this text. Lorem ipsum dolor sit amet, consectetur adipiscing elit. Ut elit tellus, luctus nec ullamcorper mattis,<\/p>\n<p><a href=\"#\">pulvinar dapibus leo.<\/a>[\/vc_hoverbox][\/vc_column][vc_column width=&#8221;1\/6&#8243;][\/vc_column][\/vc_row][vc_row el_class=&#8221;start-page-home&#8221;][vc_column][vc_widget_sidebar sidebar_id=&#8221;sidebar-7&#8243;][\/vc_column][\/vc_row]<\/p>\n<\/div>","protected":false},"excerpt":{"rendered":"<p>[vc_row el_class=&#8221;intro_01&#8243;][vc_column width=&#8221;1\/4&#8243;][vc_column_text][\/vc_column_text][\/vc_column][vc_column width=&#8221;3\/4&#8243;][vc_column_text el_class=&#8221;introduction&#8221;]Die Website ApoBible wurde mit dem Ziel erstellt, die biblischen Prophezeiungen, insbesondere die der Offenbarung, bekannter zu machen. Das Prinzip der Auslegung besteht darin, den betreffenden Text durch andere biblische Texte zu erkl\u00e4ren. Unter allen Texten, die dieselben W\u00f6rter verwenden oder dieselben Gedanken tragen, gibt es immer einen oder mehrere, die [&hellip;]<\/p>\n","protected":false},"author":2,"featured_media":0,"parent":0,"menu_order":0,"comment_status":"closed","ping_status":"closed","template":"","meta":{"footnotes":""},"class_list":["post-5526","page","type-page","status-publish","hentry"],"yoast_head":"<!-- This site is optimized with the Yoast SEO plugin v27.5 - https:\/\/yoast.com\/product\/yoast-seo-wordpress\/ -->\n<title>Start - ApoBible<\/title>\n<meta name=\"robots\" content=\"index, follow, max-snippet:-1, max-image-preview:large, max-video-preview:-1\" \/>\n<link rel=\"canonical\" href=\"https:\/\/apobible.net\/de\/start\/\" \/>\n<meta property=\"og:locale\" content=\"de_DE\" \/>\n<meta property=\"og:type\" content=\"article\" \/>\n<meta property=\"og:title\" content=\"Start - ApoBible\" \/>\n<meta property=\"og:description\" content=\"[vc_row el_class=&#8221;intro_01&#8243;][vc_column width=&#8221;1\/4&#8243;][vc_column_text][\/vc_column_text][\/vc_column][vc_column width=&#8221;3\/4&#8243;][vc_column_text el_class=&#8221;introduction&#8221;]Die Website ApoBible wurde mit dem Ziel erstellt, die biblischen Prophezeiungen, insbesondere die der Offenbarung, bekannter zu machen. Das Prinzip der Auslegung besteht darin, den betreffenden Text durch andere biblische Texte zu erkl\u00e4ren. Unter allen Texten, die dieselben W\u00f6rter verwenden oder dieselben Gedanken tragen, gibt es immer einen oder mehrere, die [&hellip;]\" \/>\n<meta property=\"og:url\" content=\"https:\/\/apobible.net\/de\/start\/\" \/>\n<meta property=\"og:site_name\" content=\"ApoBible\" \/>\n<meta property=\"article:modified_time\" content=\"2024-07-23T07:33:16+00:00\" \/>\n<meta property=\"og:image\" content=\"https:\/\/apobible.net\/wp-content\/uploads\/2022\/04\/apobible-p-253x300.jpg\" \/>\n<meta name=\"twitter:card\" content=\"summary_large_image\" \/>\n<meta name=\"twitter:label1\" content=\"Gesch\u00e4tzte Lesezeit\" \/>\n\t<meta name=\"twitter:data1\" content=\"3\u00a0Minuten\" \/>\n<script type=\"application\/ld+json\" class=\"yoast-schema-graph\">{\"@context\":\"https:\\\/\\\/schema.org\",\"@graph\":[{\"@type\":\"WebPage\",\"@id\":\"https:\\\/\\\/apobible.net\\\/de\\\/start\\\/\",\"url\":\"https:\\\/\\\/apobible.net\\\/de\\\/start\\\/\",\"name\":\"Start - ApoBible\",\"isPartOf\":{\"@id\":\"https:\\\/\\\/apobible.net\\\/de\\\/#website\"},\"primaryImageOfPage\":{\"@id\":\"https:\\\/\\\/apobible.net\\\/de\\\/start\\\/#primaryimage\"},\"image\":{\"@id\":\"https:\\\/\\\/apobible.net\\\/de\\\/start\\\/#primaryimage\"},\"thumbnailUrl\":\"https:\\\/\\\/apobible.net\\\/wp-content\\\/uploads\\\/2022\\\/04\\\/apobible-p-253x300.jpg\",\"datePublished\":\"2018-10-04T10:58:37+00:00\",\"dateModified\":\"2024-07-23T07:33:16+00:00\",\"breadcrumb\":{\"@id\":\"https:\\\/\\\/apobible.net\\\/de\\\/start\\\/#breadcrumb\"},\"inLanguage\":\"de\",\"potentialAction\":[{\"@type\":\"ReadAction\",\"target\":[[\"https:\\\/\\\/apobible.net\\\/de\\\/start\\\/\"]]}]},{\"@type\":\"ImageObject\",\"inLanguage\":\"de\",\"@id\":\"https:\\\/\\\/apobible.net\\\/de\\\/start\\\/#primaryimage\",\"url\":\"https:\\\/\\\/apobible.net\\\/wp-content\\\/uploads\\\/2022\\\/04\\\/apobible-p-253x300.jpg\",\"contentUrl\":\"https:\\\/\\\/apobible.net\\\/wp-content\\\/uploads\\\/2022\\\/04\\\/apobible-p-253x300.jpg\"},{\"@type\":\"BreadcrumbList\",\"@id\":\"https:\\\/\\\/apobible.net\\\/de\\\/start\\\/#breadcrumb\",\"itemListElement\":[{\"@type\":\"ListItem\",\"position\":1,\"name\":\"Startseite\",\"item\":\"https:\\\/\\\/apobible.net\\\/de\\\/\"},{\"@type\":\"ListItem\",\"position\":2,\"name\":\"Start\"}]},{\"@type\":\"WebSite\",\"@id\":\"https:\\\/\\\/apobible.net\\\/de\\\/#website\",\"url\":\"https:\\\/\\\/apobible.net\\\/de\\\/\",\"name\":\"ApoBible\",\"description\":\"Prophecy in the Bibel - Apocalypse &amp; Daniel\",\"potentialAction\":[{\"@type\":\"SearchAction\",\"target\":{\"@type\":\"EntryPoint\",\"urlTemplate\":\"https:\\\/\\\/apobible.net\\\/de\\\/?s={search_term_string}\"},\"query-input\":{\"@type\":\"PropertyValueSpecification\",\"valueRequired\":true,\"valueName\":\"search_term_string\"}}],\"inLanguage\":\"de\"}]}<\/script>\n<!-- \/ Yoast SEO plugin. -->","yoast_head_json":{"title":"Start - ApoBible","robots":{"index":"index","follow":"follow","max-snippet":"max-snippet:-1","max-image-preview":"max-image-preview:large","max-video-preview":"max-video-preview:-1"},"canonical":"https:\/\/apobible.net\/de\/start\/","og_locale":"de_DE","og_type":"article","og_title":"Start - ApoBible","og_description":"[vc_row el_class=&#8221;intro_01&#8243;][vc_column width=&#8221;1\/4&#8243;][vc_column_text][\/vc_column_text][\/vc_column][vc_column width=&#8221;3\/4&#8243;][vc_column_text el_class=&#8221;introduction&#8221;]Die Website ApoBible wurde mit dem Ziel erstellt, die biblischen Prophezeiungen, insbesondere die der Offenbarung, bekannter zu machen. Das Prinzip der Auslegung besteht darin, den betreffenden Text durch andere biblische Texte zu erkl\u00e4ren. Unter allen Texten, die dieselben W\u00f6rter verwenden oder dieselben Gedanken tragen, gibt es immer einen oder mehrere, die [&hellip;]","og_url":"https:\/\/apobible.net\/de\/start\/","og_site_name":"ApoBible","article_modified_time":"2024-07-23T07:33:16+00:00","og_image":[{"url":"https:\/\/apobible.net\/wp-content\/uploads\/2022\/04\/apobible-p-253x300.jpg","type":"","width":"","height":""}],"twitter_card":"summary_large_image","twitter_misc":{"Gesch\u00e4tzte Lesezeit":"3\u00a0Minuten"},"schema":{"@context":"https:\/\/schema.org","@graph":[{"@type":"WebPage","@id":"https:\/\/apobible.net\/de\/start\/","url":"https:\/\/apobible.net\/de\/start\/","name":"Start - ApoBible","isPartOf":{"@id":"https:\/\/apobible.net\/de\/#website"},"primaryImageOfPage":{"@id":"https:\/\/apobible.net\/de\/start\/#primaryimage"},"image":{"@id":"https:\/\/apobible.net\/de\/start\/#primaryimage"},"thumbnailUrl":"https:\/\/apobible.net\/wp-content\/uploads\/2022\/04\/apobible-p-253x300.jpg","datePublished":"2018-10-04T10:58:37+00:00","dateModified":"2024-07-23T07:33:16+00:00","breadcrumb":{"@id":"https:\/\/apobible.net\/de\/start\/#breadcrumb"},"inLanguage":"de","potentialAction":[{"@type":"ReadAction","target":[["https:\/\/apobible.net\/de\/start\/"]]}]},{"@type":"ImageObject","inLanguage":"de","@id":"https:\/\/apobible.net\/de\/start\/#primaryimage","url":"https:\/\/apobible.net\/wp-content\/uploads\/2022\/04\/apobible-p-253x300.jpg","contentUrl":"https:\/\/apobible.net\/wp-content\/uploads\/2022\/04\/apobible-p-253x300.jpg"},{"@type":"BreadcrumbList","@id":"https:\/\/apobible.net\/de\/start\/#breadcrumb","itemListElement":[{"@type":"ListItem","position":1,"name":"Startseite","item":"https:\/\/apobible.net\/de\/"},{"@type":"ListItem","position":2,"name":"Start"}]},{"@type":"WebSite","@id":"https:\/\/apobible.net\/de\/#website","url":"https:\/\/apobible.net\/de\/","name":"ApoBible","description":"Prophecy in the Bibel - Apocalypse &amp; Daniel","potentialAction":[{"@type":"SearchAction","target":{"@type":"EntryPoint","urlTemplate":"https:\/\/apobible.net\/de\/?s={search_term_string}"},"query-input":{"@type":"PropertyValueSpecification","valueRequired":true,"valueName":"search_term_string"}}],"inLanguage":"de"}]}},"_links":{"self":[{"href":"https:\/\/apobible.net\/de\/wp-json\/wp\/v2\/pages\/5526","targetHints":{"allow":["GET"]}}],"collection":[{"href":"https:\/\/apobible.net\/de\/wp-json\/wp\/v2\/pages"}],"about":[{"href":"https:\/\/apobible.net\/de\/wp-json\/wp\/v2\/types\/page"}],"author":[{"embeddable":true,"href":"https:\/\/apobible.net\/de\/wp-json\/wp\/v2\/users\/2"}],"replies":[{"embeddable":true,"href":"https:\/\/apobible.net\/de\/wp-json\/wp\/v2\/comments?post=5526"}],"version-history":[{"count":5,"href":"https:\/\/apobible.net\/de\/wp-json\/wp\/v2\/pages\/5526\/revisions"}],"predecessor-version":[{"id":6472,"href":"https:\/\/apobible.net\/de\/wp-json\/wp\/v2\/pages\/5526\/revisions\/6472"}],"wp:attachment":[{"href":"https:\/\/apobible.net\/de\/wp-json\/wp\/v2\/media?parent=5526"}],"curies":[{"name":"wp","href":"https:\/\/api.w.org\/{rel}","templated":true}]}}